{"id":5065,"date":"2025-11-17T16:33:06","date_gmt":"2025-11-17T19:33:06","guid":{"rendered":"https:\/\/powertuning.com.br\/?page_id=5065"},"modified":"2025-11-28T14:04:25","modified_gmt":"2025-11-28T17:04:25","slug":"inteligencia-artificial","status":"publish","type":"page","link":"https:\/\/powertuning.com.br\/blog\/inteligencia-artificial\/","title":{"rendered":"Intelig\u00eancia Artificial"},"content":{"rendered":"<h3 data-start=\"156\" data-end=\"225\"><strong data-start=\"156\" data-end=\"225\">SIA + Power Tuning: automa\u00e7\u00e3o inteligente que transforma neg\u00f3cios<\/strong><\/h3>\n<p data-start=\"227\" data-end=\"502\">A SIA e a Power Tuning uniram for\u00e7as para levar sua empresa a um novo n\u00edvel de efici\u00eancia. A combina\u00e7\u00e3o da expertise em automa\u00e7\u00e3o da SIA com a robustez em dados e intelig\u00eancia da Power Tuning cria uma solu\u00e7\u00e3o completa, escal\u00e1vel e totalmente personalizada para o seu neg\u00f3cio.<\/p>\n<p data-start=\"504\" data-end=\"769\">Com o <strong data-start=\"510\" data-end=\"517\">N8N<\/strong>, conectamos WhatsApp, CRM, Processos Internos, Vendas e Intelig\u00eancia Artificial em fluxos automatizados que trabalham por voc\u00ea, 24 horas por dia.<br data-start=\"664\" data-end=\"667\" \/>Atendimentos mais r\u00e1pidos, opera\u00e7\u00f5es mais enxutas, menos tarefas manuais e decis\u00f5es guiadas por dados.<\/p>\n<p data-start=\"771\" data-end=\"810\">\u00c9 automa\u00e7\u00e3o com foco em resultado real:<\/p>\n<ul data-start=\"812\" data-end=\"1043\">\n<li data-start=\"812\" data-end=\"850\">\n<p data-start=\"814\" data-end=\"850\">Respostas instant\u00e2neas no WhatsApp<\/p>\n<\/li>\n<li data-start=\"851\" data-end=\"887\">\n<p data-start=\"853\" data-end=\"887\">Qualifica\u00e7\u00e3o autom\u00e1tica de leads<\/p>\n<\/li>\n<li data-start=\"888\" data-end=\"914\">\n<p data-start=\"890\" data-end=\"914\">Integra\u00e7\u00e3o com seu CRM<\/p>\n<\/li>\n<li data-start=\"915\" data-end=\"955\">\n<p data-start=\"917\" data-end=\"955\">Processos mais est\u00e1veis e audit\u00e1veis<\/p>\n<\/li>\n<li data-start=\"956\" data-end=\"989\">\n<p data-start=\"958\" data-end=\"989\">Redu\u00e7\u00e3o de erros e retrabalho<\/p>\n<\/li>\n<li data-start=\"990\" data-end=\"1043\">\n<p data-start=\"992\" data-end=\"1043\">IA aplicada dentro do fluxo, de forma estrat\u00e9gica<\/p>\n<\/li>\n<\/ul>\n<p data-start=\"1045\" data-end=\"1121\">Tudo isso com seguran\u00e7a, personaliza\u00e7\u00e3o e suporte cont\u00ednuo das duas equipes.<\/p>\n<p data-start=\"1123\" data-end=\"1282\">Se o objetivo \u00e9 ganhar efici\u00eancia, reduzir custos e acelerar vendas, este \u00e9 o caminho.<br data-start=\"1209\" data-end=\"1212\" \/><strong data-start=\"1212\" data-end=\"1282\">SIA + Power Tuning: juntos, automatizando o futuro do seu neg\u00f3cio.<\/strong><\/p>\n<p>&nbsp;<\/p>\n<h2><strong>Ficou interessado?<\/strong><\/h2>\n<p>Entre contato pelo <a href=\"https:\/\/web.whatsapp.com\/send?phone=552734413060\">Whatsapp 27 3441-3060<\/a> ou pelo email <a id=\"ember7245\" class=\"ember-view\" href=\"mailto:contato@fabriciolima.net\" target=\"_blank\" rel=\"noopener\">comercial@powertuning.com.br<\/a> ou ainda, pelo formul\u00e1rio abaixo para agendarmos uma reuni\u00e3o.<\/p>\n","protected":false},"excerpt":{"rendered":"<p>SIA + Power Tuning: automa\u00e7\u00e3o inteligente que transforma neg\u00f3cios A SIA e a Power Tuning uniram for\u00e7as para levar sua empresa a um novo n\u00edvel de efici\u00eancia. A combina\u00e7\u00e3o da expertise em automa\u00e7\u00e3o da SIA com a robustez em dados e intelig\u00eancia da Power Tuning cria uma solu\u00e7\u00e3o completa, escal\u00e1vel e totalmente personalizada para o&hellip; <br \/> <a class=\"read-more\" href=\"https:\/\/powertuning.com.br\/blog\/inteligencia-artificial\/\">Leia mais<\/a><\/p>\n","protected":false},"author":18,"featured_media":0,"parent":0,"menu_order":0,"comment_status":"closed","ping_status":"closed","template":"","meta":{"content-type":"","_exactmetrics_skip_tracking":false,"_exactmetrics_sitenote_active":false,"_exactmetrics_sitenote_note":"","_exactmetrics_sitenote_category":0,"jetpack_post_was_ever_published":false,"footnotes":""},"class_list":["post-5065","page","type-page","status-publish","hentry"],"jetpack_sharing_enabled":true,"_links":{"self":[{"href":"https:\/\/powertuning.com.br\/blog\/wp-json\/wp\/v2\/pages\/5065","targetHints":{"allow":["GET"]}}],"collection":[{"href":"https:\/\/powertuning.com.br\/blog\/wp-json\/wp\/v2\/pages"}],"about":[{"href":"https:\/\/powertuning.com.br\/blog\/wp-json\/wp\/v2\/types\/page"}],"author":[{"embeddable":true,"href":"https:\/\/powertuning.com.br\/blog\/wp-json\/wp\/v2\/users\/18"}],"replies":[{"embeddable":true,"href":"https:\/\/powertuning.com.br\/blog\/wp-json\/wp\/v2\/comments?post=5065"}],"version-history":[{"count":8,"href":"https:\/\/powertuning.com.br\/blog\/wp-json\/wp\/v2\/pages\/5065\/revisions"}],"predecessor-version":[{"id":8036,"href":"https:\/\/powertuning.com.br\/blog\/wp-json\/wp\/v2\/pages\/5065\/revisions\/8036"}],"wp:attachment":[{"href":"https:\/\/powertuning.com.br\/blog\/wp-json\/wp\/v2\/media?parent=5065"}],"curies":[{"name":"wp","href":"https:\/\/api.w.org\/{rel}","templated":true}]}}