{"id":3329,"date":"2024-06-19T14:15:11","date_gmt":"2024-06-19T17:15:11","guid":{"rendered":"https:\/\/powertuning.com.br\/?page_id=3329"},"modified":"2025-01-27T10:15:32","modified_gmt":"2025-01-27T13:15:32","slug":"3329-2","status":"publish","type":"page","link":"https:\/\/powertuning.com.br\/blog\/produtos\/3329-2\/","title":{"rendered":"Power Oracle Check-up"},"content":{"rendered":"<p><img loading=\"lazy\" decoding=\"async\" data-attachment-id=\"3330\" data-permalink=\"https:\/\/powertuning.com.br\/blog\/produtos\/3329-2\/check-up_oracle2\/\" data-orig-file=\"https:\/\/powertuning.com.br\/blog\/wp-content\/uploads\/2024\/06\/Check-up_Oracle2.png\" data-orig-size=\"1000,1000\" data-comments-opened=\"0\" data-image-meta=\"{&quot;aperture&quot;:&quot;0&quot;,&quot;credit&quot;:&quot;&quot;,&quot;camera&quot;:&quot;&quot;,&quot;caption&quot;:&quot;&quot;,&quot;created_timestamp&quot;:&quot;0&quot;,&quot;copyright&quot;:&quot;&quot;,&quot;focal_length&quot;:&quot;0&quot;,&quot;iso&quot;:&quot;0&quot;,&quot;shutter_speed&quot;:&quot;0&quot;,&quot;title&quot;:&quot;&quot;,&quot;orientation&quot;:&quot;0&quot;}\" data-image-title=\"Check-up_Oracle2\" data-image-description=\"\" data-image-caption=\"\" data-large-file=\"https:\/\/powertuning.com.br\/blog\/wp-content\/uploads\/2024\/06\/Check-up_Oracle2.png\" class=\"alignnone wp-image-3330 aligncenter\" src=\"https:\/\/powertuning.com.br\/blog\/wp-content\/uploads\/2024\/06\/Check-up_Oracle2.png\" alt=\"\" width=\"800\" height=\"800\" srcset=\"https:\/\/powertuning.com.br\/blog\/wp-content\/uploads\/2024\/06\/Check-up_Oracle2.png 1000w, https:\/\/powertuning.com.br\/blog\/wp-content\/uploads\/2024\/06\/Check-up_Oracle2-300x300.png 300w, https:\/\/powertuning.com.br\/blog\/wp-content\/uploads\/2024\/06\/Check-up_Oracle2-150x150.png 150w, https:\/\/powertuning.com.br\/blog\/wp-content\/uploads\/2024\/06\/Check-up_Oracle2-768x768.png 768w\" sizes=\"auto, (max-width: 800px) 100vw, 800px\" \/><\/p>\n<p><strong>O objetivo dessa consultoria \u00e9 realizar um Power Oracle Check em um servidor Oracle.<\/strong><\/p>\n<p>\u00c9 uma an\u00e1lise r\u00e1pida de 4 horas, mas que j\u00e1 vai mostrar muitos pontos que precisam ser melhorados no ambiente.<\/p>\n<h2>Power Oracle Check com Ricardo Portilho<\/h2>\n<p>Revis\u00e3o dos pontos mais cr\u00edticos de um servidor Oracle, tais como:<\/p>\n<ul>\n<li>Revis\u00e3o da estrat\u00e9gia de backup e recuperabilidade<\/li>\n<li>Configura\u00e7\u00f5es de melhores pr\u00e1ticas<\/li>\n<li>Estat\u00edsticas<\/li>\n<li>Fragmenta\u00e7\u00e3o<\/li>\n<li>Configura\u00e7\u00f5es de UNDO, REDO<\/li>\n<li>Mensagens de erro<\/li>\n<li>Conformidade com o licenciamento da Oracle<\/li>\n<li>Configura\u00e7\u00e3o de SGA e PGA (Mem\u00f3ria)<\/li>\n<li>Seguran\u00e7a<\/li>\n<li>e muito mais.<\/li>\n<\/ul>\n<p><strong>Valor = R$ 1.160,00<\/strong><\/p>\n<h2><strong>Ficou interessado?<\/strong><\/h2>\n<p>Basta enviar um e-mail para\u00a0<a id=\"ember7245\" class=\"ember-view\" href=\"mailto:contato@fabriciolima.net\" target=\"_blank\" rel=\"noopener\">comercial@powertuning.com.br<\/a> ou preencher o formul\u00e1rio abaixo para agendarmos o seu check-up:<\/p>\n<p><script charset=\"utf-8\" type=\"text\/javascript\" src=\"\/\/js.hsforms.net\/forms\/embed\/v2.js\"><\/script><br \/>\n<script>\n  hbspt.forms.create({\n    portalId: \"48453815\",\n    formId: \"7cba37f2-927b-4520-afb5-2357747301aa\"\n  });\n<\/script><\/p>\n","protected":false},"excerpt":{"rendered":"<p>O objetivo dessa consultoria \u00e9 realizar um Power Oracle Check em um servidor Oracle. \u00c9 uma an\u00e1lise r\u00e1pida de 4 horas, mas que j\u00e1 vai mostrar muitos pontos que precisam ser melhorados no ambiente. Power Oracle Check com Ricardo Portilho Revis\u00e3o dos pontos mais cr\u00edticos de um servidor Oracle, tais como: Revis\u00e3o da estrat\u00e9gia de&hellip; <br \/> <a class=\"read-more\" href=\"https:\/\/powertuning.com.br\/blog\/produtos\/3329-2\/\">Leia mais<\/a><\/p>\n","protected":false},"author":18,"featured_media":0,"parent":2185,"menu_order":0,"comment_status":"closed","ping_status":"closed","template":"","meta":{"content-type":"","_exactmetrics_skip_tracking":false,"_exactmetrics_sitenote_active":false,"_exactmetrics_sitenote_note":"","_exactmetrics_sitenote_category":0,"jetpack_post_was_ever_published":false,"footnotes":""},"class_list":["post-3329","page","type-page","status-publish","hentry"],"jetpack_sharing_enabled":true,"_links":{"self":[{"href":"https:\/\/powertuning.com.br\/blog\/wp-json\/wp\/v2\/pages\/3329","targetHints":{"allow":["GET"]}}],"collection":[{"href":"https:\/\/powertuning.com.br\/blog\/wp-json\/wp\/v2\/pages"}],"about":[{"href":"https:\/\/powertuning.com.br\/blog\/wp-json\/wp\/v2\/types\/page"}],"author":[{"embeddable":true,"href":"https:\/\/powertuning.com.br\/blog\/wp-json\/wp\/v2\/users\/18"}],"replies":[{"embeddable":true,"href":"https:\/\/powertuning.com.br\/blog\/wp-json\/wp\/v2\/comments?post=3329"}],"version-history":[{"count":5,"href":"https:\/\/powertuning.com.br\/blog\/wp-json\/wp\/v2\/pages\/3329\/revisions"}],"predecessor-version":[{"id":4280,"href":"https:\/\/powertuning.com.br\/blog\/wp-json\/wp\/v2\/pages\/3329\/revisions\/4280"}],"up":[{"embeddable":true,"href":"https:\/\/powertuning.com.br\/blog\/wp-json\/wp\/v2\/pages\/2185"}],"wp:attachment":[{"href":"https:\/\/powertuning.com.br\/blog\/wp-json\/wp\/v2\/media?parent=3329"}],"curies":[{"name":"wp","href":"https:\/\/api.w.org\/{rel}","templated":true}]}}