{"id":3289,"date":"2024-06-18T17:51:38","date_gmt":"2024-06-18T20:51:38","guid":{"rendered":"https:\/\/powertuning.com.br\/?page_id=3289"},"modified":"2025-01-27T10:08:13","modified_gmt":"2025-01-27T13:08:13","slug":"power-sql-server-check-up","status":"publish","type":"page","link":"https:\/\/powertuning.com.br\/blog\/produtos\/power-sql-server-check-up\/","title":{"rendered":"Power SQL Server Check-up"},"content":{"rendered":"<p><img loading=\"lazy\" decoding=\"async\" data-attachment-id=\"3293\" data-permalink=\"https:\/\/powertuning.com.br\/blog\/produtos\/power-sql-server-check-up\/check-up_bd_gratis-fabricio_lima-3\/\" data-orig-file=\"https:\/\/powertuning.com.br\/blog\/wp-content\/uploads\/2024\/06\/Check-UP_BD_Gratis-Fabricio_Lima-3.png\" data-orig-size=\"1000,1000\" data-comments-opened=\"0\" data-image-meta=\"{&quot;aperture&quot;:&quot;0&quot;,&quot;credit&quot;:&quot;&quot;,&quot;camera&quot;:&quot;&quot;,&quot;caption&quot;:&quot;&quot;,&quot;created_timestamp&quot;:&quot;0&quot;,&quot;copyright&quot;:&quot;&quot;,&quot;focal_length&quot;:&quot;0&quot;,&quot;iso&quot;:&quot;0&quot;,&quot;shutter_speed&quot;:&quot;0&quot;,&quot;title&quot;:&quot;&quot;,&quot;orientation&quot;:&quot;0&quot;}\" data-image-title=\"Check-UP_BD_Gratis&amp;#8212;Fabricio_Lima-3\" data-image-description=\"\" data-image-caption=\"\" data-large-file=\"https:\/\/powertuning.com.br\/blog\/wp-content\/uploads\/2024\/06\/Check-UP_BD_Gratis-Fabricio_Lima-3.png\" class=\"aligncenter wp-image-3293\" src=\"https:\/\/powertuning.com.br\/blog\/wp-content\/uploads\/2024\/06\/Check-UP_BD_Gratis-Fabricio_Lima-3.png\" alt=\"\" width=\"800\" height=\"800\" srcset=\"https:\/\/powertuning.com.br\/blog\/wp-content\/uploads\/2024\/06\/Check-UP_BD_Gratis-Fabricio_Lima-3.png 1000w, https:\/\/powertuning.com.br\/blog\/wp-content\/uploads\/2024\/06\/Check-UP_BD_Gratis-Fabricio_Lima-3-300x300.png 300w, https:\/\/powertuning.com.br\/blog\/wp-content\/uploads\/2024\/06\/Check-UP_BD_Gratis-Fabricio_Lima-3-150x150.png 150w, https:\/\/powertuning.com.br\/blog\/wp-content\/uploads\/2024\/06\/Check-UP_BD_Gratis-Fabricio_Lima-3-768x768.png 768w\" sizes=\"auto, (max-width: 800px) 100vw, 800px\" \/><\/p>\n<div class=\"rll-youtube-player\" data-id=\"sQZsQzomwfo\" data-query=\"version=3&amp;\">\n<h2 data-id=\"sQZsQzomwfo\" data-query=\"version=3&amp;\">Gostaria de ter um Check-up gratuito do seu banco de dados SQL Server com os especialistas da Power Tuning?<\/h2>\n<div data-id=\"sQZsQzomwfo\" data-query=\"version=3&amp;\">\n<div>\n<p>Durante esse checkup, vamos analisar os seguintes pontos:<\/p>\n<ul>\n<li>Como est\u00e1 sua estrat\u00e9gia de backup?<\/li>\n<li>Sua configura\u00e7\u00e3o de hardware est\u00e1 adequada?<\/li>\n<li>Possui jobs de manuten\u00e7\u00e3o de performance?<\/li>\n<li>Tem algum monitoramento no ambiente para pegar queries lentas e enviar alertas?<\/li>\n<\/ul>\n<p>&nbsp;<\/p>\n<h2>Ap\u00f3s o check-up, sou obrigado a contratar a Consultoria?<\/h2>\n<p>N\u00e3o!<\/p>\n<p>Na call do check-up vamos apontar a\u00e7\u00f5es que podem ser realizadas para melhorar o ambiente, enviaremos uma proposta, mas o cliente n\u00e3o tem obriga\u00e7\u00e3o de contratar nada.<\/p>\n<p>N\u00e3o tem que cadastrar um cart\u00e3o de cr\u00e9dito para fazer esse check-up gratuito. kkkkkkkk<\/p>\n<h2><strong>Ficou interessado?<\/strong><\/h2>\n<p>Basta enviar um e-mail para\u00a0<a id=\"ember7245\" class=\"ember-view\" href=\"mailto:contato@fabriciolima.net\" target=\"_blank\" rel=\"noopener\">comercial@powertuning.com.br<\/a> ou preencher o formul\u00e1rio abaixo para agendarmos o seu check-up gr\u00e1tis!<\/p>\n<p><script charset=\"utf-8\" type=\"text\/javascript\" src=\"\/\/js.hsforms.net\/forms\/embed\/v2.js\"><\/script><br \/>\n<script>\n  hbspt.forms.create({\n    portalId: \"48453815\",\n    formId: \"a6248e7e-115e-4201-9191-d5ea0be0affc\"\n  });\n<\/script><\/p>\n","protected":false},"excerpt":{"rendered":"<p>Gostaria de ter um Check-up gratuito do seu banco de dados SQL Server com os especialistas da Power Tuning? Durante esse checkup, vamos analisar os seguintes pontos: Como est\u00e1 sua estrat\u00e9gia de backup? Sua configura\u00e7\u00e3o de hardware est\u00e1 adequada? Possui jobs de manuten\u00e7\u00e3o de performance? Tem algum monitoramento no ambiente para pegar queries lentas e&hellip; <br \/> <a class=\"read-more\" href=\"https:\/\/powertuning.com.br\/blog\/produtos\/power-sql-server-check-up\/\">Leia mais<\/a><\/p>\n","protected":false},"author":18,"featured_media":0,"parent":2185,"menu_order":0,"comment_status":"closed","ping_status":"closed","template":"","meta":{"content-type":"","_exactmetrics_skip_tracking":false,"_exactmetrics_sitenote_active":false,"_exactmetrics_sitenote_note":"","_exactmetrics_sitenote_category":0,"jetpack_post_was_ever_published":false,"footnotes":""},"class_list":["post-3289","page","type-page","status-publish","hentry"],"jetpack_sharing_enabled":true,"_links":{"self":[{"href":"https:\/\/powertuning.com.br\/blog\/wp-json\/wp\/v2\/pages\/3289","targetHints":{"allow":["GET"]}}],"collection":[{"href":"https:\/\/powertuning.com.br\/blog\/wp-json\/wp\/v2\/pages"}],"about":[{"href":"https:\/\/powertuning.com.br\/blog\/wp-json\/wp\/v2\/types\/page"}],"author":[{"embeddable":true,"href":"https:\/\/powertuning.com.br\/blog\/wp-json\/wp\/v2\/users\/18"}],"replies":[{"embeddable":true,"href":"https:\/\/powertuning.com.br\/blog\/wp-json\/wp\/v2\/comments?post=3289"}],"version-history":[{"count":11,"href":"https:\/\/powertuning.com.br\/blog\/wp-json\/wp\/v2\/pages\/3289\/revisions"}],"predecessor-version":[{"id":4273,"href":"https:\/\/powertuning.com.br\/blog\/wp-json\/wp\/v2\/pages\/3289\/revisions\/4273"}],"up":[{"embeddable":true,"href":"https:\/\/powertuning.com.br\/blog\/wp-json\/wp\/v2\/pages\/2185"}],"wp:attachment":[{"href":"https:\/\/powertuning.com.br\/blog\/wp-json\/wp\/v2\/media?parent=3289"}],"curies":[{"name":"wp","href":"https:\/\/api.w.org\/{rel}","templated":true}]}}