{"id":3027,"date":"2024-03-22T16:40:40","date_gmt":"2024-03-22T19:40:40","guid":{"rendered":"https:\/\/powertuning.com.br\/?page_id=3027"},"modified":"2024-03-22T19:59:59","modified_gmt":"2024-03-22T22:59:59","slug":"tuning","status":"publish","type":"page","link":"https:\/\/powertuning.com.br\/blog\/tuning\/","title":{"rendered":"Comparativo de Desempenho"},"content":{"rendered":"<form id=\"frmComparativoDesempenho\" class=\"contact-form commentsblock\">\n<div class=\"grupo\">\n<h4>Informa\u00e7\u00f5es da Query<\/h2>\n<p class=\"separador\">\n            <label for=\"nomeQuery\" class=\"grunion-field-label\">Nome da Query: <\/label><input type=\"text\" name=\"nomeQuery\" id=\"nomeQuery\" class=\"form-control grunion-field\" \/>\n        <\/p>\n<\/p><\/div>\n<div class=\"grupo inline\">\n<h4>Dados ANTES do Tuning<\/h2>\n<p class=\"separador\">\n            <label for=\"duracaoTotalAntes\" class=\"grunion-field-label\">Dura\u00e7\u00e3o Total: <\/label><input type=\"number\" name=\"duracaoTotalAntes\" id=\"duracaoTotalAntes\" class=\"form-control grunion-field\" \/>\n        <\/p>\n<p class=\"separador\">\n            <label for=\"tempoCpuAntes\" class=\"grunion-field-label\">Tempo de CPU: <\/label><input type=\"number\" name=\"tempoCpuAntes\" id=\"tempoCpuAntes\" class=\"form-control grunion-field\" \/>\n        <\/p>\n<p class=\"separador\">\n            <label for=\"leiturasLogicasAntes\" class=\"grunion-field-label\">Leituras L\u00f3gicas: <\/label><input type=\"number\" name=\"leiturasLogicasAntes\" id=\"leiturasLogicasAntes\" class=\"form-control grunion-field\" \/>\n        <\/p>\n<\/p><\/div>\n<div class=\"grupo inline\">\n<h4>Dados AP\u00d3S o Tuning<\/h2>\n<p class=\"separador\">\n            <label for=\"duracaoTotalDepois\" class=\"grunion-field-label\">Dura\u00e7\u00e3o Total: <\/label><input type=\"number\" name=\"duracaoTotalDepois\" id=\"duracaoTotalDepois\" class=\"form-control grunion-field\" \/>\n        <\/p>\n<p class=\"separador\">\n            <label for=\"tempoCpuDepois\" class=\"grunion-field-label\">Tempo de CPU: <\/label><input type=\"number\" name=\"tempoCpuDepois\" id=\"tempoCpuDepois\" class=\"form-control grunion-field\" \/>\n        <\/p>\n<p class=\"separador\">\n            <label for=\"leiturasLogicasDepois\" class=\"grunion-field-label\">Leituras L\u00f3gicas: <\/label><input type=\"number\" name=\"leiturasLogicasDepois\" id=\"leiturasLogicasDepois\" class=\"form-control grunion-field\" \/>\n        <\/p>\n<\/p><\/div>\n<div class=\"contact-submit\">\n        <button id=\"btnCalcular\" type=\"button\" class=\"btn btn-primary pushbutton-wide\">Calcular<\/button>\n    <\/div>\n<\/form>\n<div id=\"divCalculo\">\n<p>    <img decoding=\"async\" data-attachment-id=\"3065\" data-permalink=\"https:\/\/powertuning.com.br\/blog\/tuning\/moldura-query1ok\/\" data-orig-file=\"https:\/\/powertuning.com.br\/blog\/wp-content\/uploads\/2024\/03\/Moldura-Query1OK.jpg\" data-orig-size=\"2198,713\" data-comments-opened=\"0\" data-image-meta=\"{&quot;aperture&quot;:&quot;0&quot;,&quot;credit&quot;:&quot;&quot;,&quot;camera&quot;:&quot;&quot;,&quot;caption&quot;:&quot;&quot;,&quot;created_timestamp&quot;:&quot;0&quot;,&quot;copyright&quot;:&quot;&quot;,&quot;focal_length&quot;:&quot;0&quot;,&quot;iso&quot;:&quot;0&quot;,&quot;shutter_speed&quot;:&quot;0&quot;,&quot;title&quot;:&quot;&quot;,&quot;orientation&quot;:&quot;1&quot;}\" data-image-title=\"Moldura Query1OK\" data-image-description=\"\" data-image-caption=\"\" data-large-file=\"https:\/\/powertuning.com.br\/blog\/wp-content\/uploads\/2024\/03\/Moldura-Query1OK-1024x332.jpg\" src=\"https:\/\/powertuning.com.br\/blog\/wp-content\/uploads\/2024\/03\/Moldura-Query1OK-1920x623.jpg\" alt=\"\" width=\"100%\" class=\"alignnone size-mesmerize-full-hd wp-image-3065\" srcset=\"https:\/\/powertuning.com.br\/blog\/wp-content\/uploads\/2024\/03\/Moldura-Query1OK-1920x623.jpg 1920w, https:\/\/powertuning.com.br\/blog\/wp-content\/uploads\/2024\/03\/Moldura-Query1OK-300x97.jpg 300w, https:\/\/powertuning.com.br\/blog\/wp-content\/uploads\/2024\/03\/Moldura-Query1OK-1024x332.jpg 1024w, https:\/\/powertuning.com.br\/blog\/wp-content\/uploads\/2024\/03\/Moldura-Query1OK-768x249.jpg 768w, https:\/\/powertuning.com.br\/blog\/wp-content\/uploads\/2024\/03\/Moldura-Query1OK-1536x498.jpg 1536w, https:\/\/powertuning.com.br\/blog\/wp-content\/uploads\/2024\/03\/Moldura-Query1OK-2048x664.jpg 2048w\" sizes=\"(max-width: 1920px) 100vw, 1920px\" \/><\/p>\n<p>    <span class=\"nomeQuery\"><\/span><\/p>\n<p>    <span class=\"duracaoTotalAntes coluna1 linha1 item\"><\/span><br \/>\n    <span class=\"tempoCpuAntes coluna1 linha2 item\"><\/span><br \/>\n    <span class=\"leiturasLogicasAntes coluna1 linha3 item\"><\/span><\/p>\n<p>    <span class=\"duracaoTotalDepois coluna2 linha1 item\"><\/span><br \/>\n    <span class=\"tempoCpuDepois coluna2 linha2 item\"><\/span><br \/>\n    <span class=\"leiturasLogicasDepois coluna2 linha3 item\"><\/span><\/p>\n<p>    <span class=\"duracaoTotalMelhoria coluna3 linha1 item\"><\/span><br \/>\n    <span class=\"tempoCpuMelhoria coluna3 linha2 item\"><\/span><br \/>\n    <span class=\"leiturasLogicasMelhoria coluna3 linha3 item\"><\/span><\/p>\n<div class=\"fundoDuracaoTotalMelhoria containerBarra coluna3 linha1 item\">\n<p class=\"barra coluna3 linha1 item\">\n<\/p><\/div>\n<div class=\"fundoTempoCpuMelhoria containerBarra coluna3 linha2 item\">\n<p class=\"barra coluna3 linha2 item\">\n<\/p><\/div>\n<div class=\"fundoLeiturasLogicasMelhoria containerBarra coluna3 linha3 item\">\n<p class=\"barra coluna3 linha3 item\">\n<\/p><\/div>\n<\/div>\n","protected":false},"excerpt":{"rendered":"<p>Informa\u00e7\u00f5es da Query Nome da Query: Dados ANTES do Tuning Dura\u00e7\u00e3o Total: Tempo de CPU: Leituras L\u00f3gicas: Dados AP\u00d3S o Tuning Dura\u00e7\u00e3o Total: Tempo de CPU: Leituras L\u00f3gicas: Calcular<\/p>\n","protected":false},"author":4,"featured_media":0,"parent":0,"menu_order":0,"comment_status":"closed","ping_status":"closed","template":"","meta":{"content-type":"","_exactmetrics_skip_tracking":false,"_exactmetrics_sitenote_active":false,"_exactmetrics_sitenote_note":"","_exactmetrics_sitenote_category":0,"footnotes":""},"class_list":["post-3027","page","type-page","status-publish","hentry"],"jetpack_sharing_enabled":true,"_links":{"self":[{"href":"https:\/\/powertuning.com.br\/blog\/wp-json\/wp\/v2\/pages\/3027","targetHints":{"allow":["GET"]}}],"collection":[{"href":"https:\/\/powertuning.com.br\/blog\/wp-json\/wp\/v2\/pages"}],"about":[{"href":"https:\/\/powertuning.com.br\/blog\/wp-json\/wp\/v2\/types\/page"}],"author":[{"embeddable":true,"href":"https:\/\/powertuning.com.br\/blog\/wp-json\/wp\/v2\/users\/4"}],"replies":[{"embeddable":true,"href":"https:\/\/powertuning.com.br\/blog\/wp-json\/wp\/v2\/comments?post=3027"}],"version-history":[{"count":38,"href":"https:\/\/powertuning.com.br\/blog\/wp-json\/wp\/v2\/pages\/3027\/revisions"}],"predecessor-version":[{"id":3070,"href":"https:\/\/powertuning.com.br\/blog\/wp-json\/wp\/v2\/pages\/3027\/revisions\/3070"}],"wp:attachment":[{"href":"https:\/\/powertuning.com.br\/blog\/wp-json\/wp\/v2\/media?parent=3027"}],"curies":[{"name":"wp","href":"https:\/\/api.w.org\/{rel}","templated":true}]}}