{"id":3,"date":"2019-12-27T15:51:53","date_gmt":"2019-12-27T18:51:53","guid":{"rendered":"http:\/\/localhost\/?page_id=3"},"modified":"2024-02-02T11:56:42","modified_gmt":"2024-02-02T14:56:42","slug":"politica-de-privacidade","status":"publish","type":"page","link":"https:\/\/powertuning.com.br\/blog\/politica-de-privacidade\/","title":{"rendered":"Pol\u00edtica de privacidade"},"content":{"rendered":"<p><strong>POL\u00cdTICA DE PRIVACIDADE<\/strong><\/p>\n<p>Este site \u00e9 mantido e operado por <strong>Power Tuning &#8211; Solu\u00e7\u00f5es em TI Ltda<\/strong>.<\/p>\n<p>A sua privacidade \u00e9 importante para n\u00f3s e por isso respeitamos a sua privacidade em rela\u00e7\u00e3o a qualquer informa\u00e7\u00e3o sua que possamos coletar no site\u00a0<strong>www.powertuning.com.br<\/strong>, e outros sites que possu\u00edmos e operamos.<\/p>\n<p>N\u00f3s coletamos e utilizamos alguns dados pessoais que pertencem \u00e0queles que utilizam nosso site. Ao faz\u00ea-lo, agimos na qualidade de <strong>controlador<\/strong> desses dados e estamos sujeitos \u00e0s disposi\u00e7\u00f5es da Lei Federal n. 13.709\/2018 (Lei Geral de Prote\u00e7\u00e3o de Dados Pessoais &#8211; LGPD).<\/p>\n<p>N\u00f3s cuidamos da prote\u00e7\u00e3o de seus dados pessoais e, por isso, disponibilizamos esta pol\u00edtica de privacidade, que cont\u00e9m informa\u00e7\u00f5es importantes sobre:<\/p>\n<p>&#8211; Quem deve utilizar nosso site;\u00a0\u00a0\u00a0\u00a0\u00a0\u00a0 \u00a0<br \/>&#8211; Quais dados coletamos e o que fazemos com eles;\u00a0\u00a0\u00a0\u00a0 \u00a0<br \/>&#8211; Seus direitos em rela\u00e7\u00e3o aos seus dados pessoais; e\u00a0 \u00a0<br \/>&#8211; Como entrar em contato conosco.<\/p>\n<p>&nbsp;<\/p>\n<ol>\n<li><strong>Dados que coletamos e motivos da coleta<\/strong><\/li>\n<\/ol>\n<p>Nosso site coleta e utiliza alguns dados pessoais, de acordo com o disposto nesta se\u00e7\u00e3o.<\/p>\n<p>&nbsp;<\/p>\n<p><em>1.1. Dados pessoais fornecidos expressamente pelo usu\u00e1rio.<\/em><\/p>\n<p>N\u00f3s coletamos os seguintes dados pessoais que nossos usu\u00e1rios nos fornecem expressamente ao utilizar nosso site:<\/p>\n<ul>\n<li>Nome completo;<\/li>\n<li>Nome da empresa;<\/li>\n<li>Endere\u00e7o de e-mail;<\/li>\n<li>N\u00famero de telefone;<\/li>\n<li>Mensagem de contato.<\/li>\n<\/ul>\n<p>A coleta destes dados ocorre nos seguintes momentos:<\/p>\n<ul>\n<li>Quando preenche formul\u00e1rio Contato ou responde ao Chatbot, com a finalidade de solicitar que seja realizado contato comercial para apresenta\u00e7\u00e3o de produtos e servi\u00e7os.<\/li>\n<li>Quando preenche formul\u00e1rio Trabalhe Conosco, com a finalidade de se inscrever no banco de talentos e ter oportunidade de fazer parte da nossa empresa.<\/li>\n<\/ul>\n<p>Os dados fornecidos por nossos usu\u00e1rios s\u00e3o coletados com as seguintes finalidades:<\/p>\n<ul>\n<li>Para que nosso time comercial possa entrar em contato com os usu\u00e1rios a fim de responder os pedidos de contato para apresenta\u00e7\u00e3o dos nossos produtos e servi\u00e7os;<\/li>\n<li>Analisar candidaturas e formalizar contrato de trabalho e demais atividades relacionadas a um v\u00ednculo de emprego;<\/li>\n<\/ul>\n<p>&nbsp;<\/p>\n<p><em>1.2. Dados pessoais obtidos de outras formas<\/em><\/p>\n<p>N\u00f3s coletamos os seguintes dados pessoais de nossos usu\u00e1rios:<\/p>\n<ul>\n<li>endere\u00e7o IP;<\/li>\n<li>dados de geolocaliza\u00e7\u00e3o;<\/li>\n<li>fuso hor\u00e1rio.<\/li>\n<\/ul>\n<p>A coleta destes dados ocorre nos seguintes momentos:<\/p>\n<ul>\n<li>Quando voc\u00ea acessa o site.<\/li>\n<\/ul>\n<p>Estes dados s\u00e3o coletados com as seguintes finalidades:<\/p>\n<ul>\n<li>Medir as intera\u00e7\u00f5es do usu\u00e1rio com os sites e\/ou apps dos clientes.<\/li>\n<li>Proteger a seguran\u00e7a do servi\u00e7o e informar a origem dos usu\u00e1rios.<\/li>\n<\/ul>\n<p>&nbsp;<\/p>\n<p><em>1.3. Dados sens\u00edveis<\/em><\/p>\n<p><strong>N\u00e3o<\/strong> fazemos a coleta de dados sens\u00edveis, assim entendidos aqueles definidos nos arts. 11 e seguintes da Lei de Prote\u00e7\u00e3o de Dados Pessoais. Assim, <strong>n\u00e3o<\/strong> haver\u00e1 coleta de dados sobre origem racial ou \u00e9tnica, convic\u00e7\u00e3o religiosa, opini\u00e3o pol\u00edtica, filia\u00e7\u00e3o a sindicato ou a organiza\u00e7\u00e3o de car\u00e1ter religioso, filos\u00f3fico ou pol\u00edtico, dado referente \u00e0 sa\u00fade ou \u00e0 vida sexual, dado gen\u00e9tico ou biom\u00e9trico, quando vinculado a uma pessoa natural.<\/p>\n<p>&nbsp;<\/p>\n<p><em>1.4. Cookies<\/em><\/p>\n<p><em>1.4.1 O que s\u00e3o cookies?<\/em><\/p>\n<p><em>Cookies<\/em> s\u00e3o pequenos arquivos de texto baixados automaticamente em seu dispositivo quando voc\u00ea acessa e navega por um site. Eles servem, basicamente, para seja poss\u00edvel identificar dispositivos, atividades e prefer\u00eancias de usu\u00e1rios.<\/p>\n<p>Os <em>cookies<\/em> n\u00e3o permitem que qualquer arquivo ou informa\u00e7\u00e3o sejam extra\u00eddos do disco r\u00edgido do usu\u00e1rio, n\u00e3o sendo poss\u00edvel, ainda, que, por meio deles, se tenha acesso a informa\u00e7\u00f5es pessoais que n\u00e3o tenham partido do usu\u00e1rio ou da forma como utiliza os recursos do site.<\/p>\n<p>&nbsp;<\/p>\n<p><em>1.4.2 Como usamos os cookies?<\/em><\/p>\n<p>Utilizamos cookies por v\u00e1rios motivos, detalhados abaixo. Infelizmente, na maioria dos casos, n\u00e3o existem op\u00e7\u00f5es padr\u00e3o do setor para desativar os cookies sem desativar completamente a funcionalidade e os recursos que eles adicionam a este site. \u00c9 recomend\u00e1vel que voc\u00ea deixe todos os cookies se n\u00e3o tiver certeza se precisa ou n\u00e3o deles, caso sejam usados para fornecer um servi\u00e7o que voc\u00ea usa.<\/p>\n<p>&nbsp;<\/p>\n<p><em>1.4.3 Desativar cookies<\/em><\/p>\n<p>O usu\u00e1rio poder\u00e1 se opor ao registro de cookies pelo site, bastando que desative esta op\u00e7\u00e3o no seu pr\u00f3prio navegador. Mais informa\u00e7\u00f5es sobre como fazer isso em alguns dos principais navegadores utilizados hoje podem ser acessadas a partir dos seguintes links:<\/p>\n<p>Internet Explorer: <em>https:\/\/support.microsoft.com\/pt-br\/help\/17442\/windows-internet-explorer-delete-manage-cookies<\/em><\/p>\n<p>Safari: <em>https:\/\/support.apple.com\/pt-br\/guide\/safari\/sfri11471\/mac<\/em><\/p>\n<p>Google Chrome: <em>https:\/\/support.google.com\/chrome\/answer\/95647?hl=pt-BR&amp;hlrm=pt<\/em><\/p>\n<p>Mozila Firefox:<em>https:\/\/support.mozilla.org\/pt-BR\/kb\/ative-e-desative-os-cookies-que-os-sites-usam<\/em><\/p>\n<p>Opera: <em>https:\/\/www.opera.com\/help\/tutorials\/security\/privacy\/<\/em><\/p>\n<p>A desativa\u00e7\u00e3o dos cookies, no entanto, pode afetar a disponibilidade de algumas ferramentas e funcionalidades do site, comprometendo seu correto e esperado funcionamento. Outra consequ\u00eancia poss\u00edvel \u00e9 remo\u00e7\u00e3o das prefer\u00eancias do usu\u00e1rio que eventualmente tiverem sido salvas, prejudicando sua experi\u00eancia.<\/p>\n<p>&nbsp;<\/p>\n<p>1.4.4 Cookies que definimos<\/p>\n<ul>\n<li>Cookies relacionados a formul\u00e1rios: quando voc\u00ea envia dados por meio de um formul\u00e1rio como os encontrados nas p\u00e1ginas de contato ou nos formul\u00e1rios de coment\u00e1rios, os cookies podem ser configurados para lembrar os detalhes do usu\u00e1rio para correspond\u00eancia futura.<\/li>\n<li>Cookies de prefer\u00eancias do site: para proporcionar uma \u00f3tima experi\u00eancia neste site, fornecemos a funcionalidade para definir suas prefer\u00eancias de como esse site \u00e9 executado quando voc\u00ea o usa. Para lembrar suas prefer\u00eancias, precisamos definir cookies para que essas informa\u00e7\u00f5es possam ser chamadas sempre que voc\u00ea interagir com uma p\u00e1gina que for afetada por suas prefer\u00eancias.<\/li>\n<\/ul>\n<p>&nbsp;<\/p>\n<p>1.4.5 Cookies de Terceiros<\/p>\n<p>Em alguns casos especiais, tamb\u00e9m usamos cookies fornecidos por terceiros confi\u00e1veis. A se\u00e7\u00e3o a seguir detalha quais cookies de terceiros voc\u00ea pode encontrar atrav\u00e9s deste site.<\/p>\n<ul>\n<li>Este site usa o Google Analytics, que \u00e9 uma das solu\u00e7\u00f5es de an\u00e1lise mais difundidas e confi\u00e1veis da Web, para nos ajudar a entender como voc\u00ea usa o site e como podemos melhorar sua experi\u00eancia. Esses cookies podem rastrear itens como quanto tempo voc\u00ea gasta no site e as p\u00e1ginas visitadas, para que possamos continuar produzindo conte\u00fado atraente.<\/li>\n<li>As an\u00e1lises de terceiros s\u00e3o usadas para rastrear e medir o uso deste site, para que possamos continuar produzindo conte\u00fado atrativo. Esses cookies podem rastrear itens como o tempo que voc\u00ea passa no site ou as p\u00e1ginas visitadas, o que nos ajuda a entender como podemos melhorar o site para voc\u00ea.<\/li>\n<li>Periodicamente, testamos novos recursos e fazemos altera\u00e7\u00f5es sutis na maneira como o site se apresenta. Quando ainda estamos testando novos recursos, esses cookies podem ser usados para garantir que voc\u00ea receba uma experi\u00eancia consistente enquanto estiver no site, enquanto entendemos quais otimiza\u00e7\u00f5es os nossos usu\u00e1rios mais apreciam.<\/li>\n<li>\u00c0 medida que vendemos produtos, \u00e9 importante entendermos as estat\u00edsticas sobre quantos visitantes de nosso site realmente compram e, portanto, esse \u00e9 o tipo de dados que esses cookies rastrear\u00e3o. Isso \u00e9 importante para voc\u00ea, pois significa que podemos fazer previs\u00f5es de neg\u00f3cios com precis\u00e3o que nos permitem analisar nossos custos de publicidade e produtos para garantir o melhor pre\u00e7o poss\u00edvel.<\/li>\n<\/ul>\n<p>&nbsp;<\/p>\n<p><em>1.5. Coleta de dados n\u00e3o previstos expressamente<\/em><\/p>\n<p>Eventualmente, outros tipos de dados n\u00e3o previstos expressamente nesta Pol\u00edtica de Privacidade poder\u00e3o ser coletados, desde que sejam fornecidos com o consentimento do usu\u00e1rio, ou, ainda, que a coleta seja permitida com fundamento em outra base legal prevista em lei.<\/p>\n<p>Em qualquer caso, a coleta de dados e as atividades de tratamento dela decorrentes ser\u00e3o informadas aos usu\u00e1rios do site.<\/p>\n<p><strong>\u00a0<\/strong><\/p>\n<ol start=\"2\">\n<li><strong> Compartilhamento de dados pessoais com terceiros<\/strong><\/li>\n<\/ol>\n<p>N\u00f3s n\u00e3o compartilhamos seus dados pessoais com terceiros. Apesar disso, \u00e9 poss\u00edvel que o fa\u00e7amos para cumprir alguma determina\u00e7\u00e3o legal ou regulat\u00f3ria, ou, ainda, para cumprir alguma ordem expedida por autoridade p\u00fablica.<\/p>\n<p><strong>\u00a0<\/strong><\/p>\n<ol start=\"3\">\n<li><strong>Por quanto tempo seus dados pessoais ser\u00e3o armazenados<\/strong><\/li>\n<\/ol>\n<p>Os dados pessoais coletados pelo site s\u00e3o armazenados e utilizados por per\u00edodo de tempo que corresponda ao necess\u00e1rio para atingir as finalidades elencadas neste documento e que considere os direitos de seus titulares, os direitos do controlador do site e as disposi\u00e7\u00f5es legais ou regulat\u00f3rias aplic\u00e1veis.<\/p>\n<p>Uma vez expirados os per\u00edodos de armazenamento dos dados pessoais, eles s\u00e3o removidos de nossas bases de dados ou anonimizados, salvo nos casos em que houver a possibilidade ou a necessidade de armazenamento em virtude de disposi\u00e7\u00e3o legal ou regulat\u00f3ria.<\/p>\n<p>&nbsp;<\/p>\n<ol start=\"4\">\n<li><strong>Bases legais para o tratamento de dados pessoais<\/strong><\/li>\n<\/ol>\n<p>Cada opera\u00e7\u00e3o de tratamento de dados pessoais precisa ter um fundamento jur\u00eddico, ou seja, uma base legal, que nada mais \u00e9 que uma justificativa que a autorize, prevista na Lei Geral de Prote\u00e7\u00e3o de Dados Pessoais.<\/p>\n<p>Todas as Nossas atividades de tratamento de dados pessoais possuem uma base legal que as fundamenta, dentre as permitidas pela legisla\u00e7\u00e3o. Mais informa\u00e7\u00f5es sobre as bases legais que utilizamos para opera\u00e7\u00f5es de tratamento de dados pessoais espec\u00edficas podem ser obtidas a partir de nossos canais de contato, informados ao final desta Pol\u00edtica.<\/p>\n<p>&nbsp;<\/p>\n<ol start=\"5\">\n<li><strong> Direitos do usu\u00e1rio<\/strong><\/li>\n<\/ol>\n<p>O usu\u00e1rio do site possui os seguintes direitos, conferidos pela Lei de Prote\u00e7\u00e3o de Dados Pessoais:<\/p>\n<ul>\n<li>confirma\u00e7\u00e3o da exist\u00eancia de tratamento; \u00a0<\/li>\n<li>acesso aos dados;<\/li>\n<li>corre\u00e7\u00e3o de dados incompletos, inexatos ou desatualizados; \u00a0<\/li>\n<li>anonimiza\u00e7\u00e3o, bloqueio ou elimina\u00e7\u00e3o de dados desnecess\u00e1rios, excessivos ou tratados em desconformidade com o disposto na lei;<\/li>\n<li>portabilidade dos dados a outro fornecedor de servi\u00e7o ou produto, mediante requisi\u00e7\u00e3o expressa, de acordo com a regulamenta\u00e7\u00e3o da autoridade nacional, observados os segredos comercial e industrial;<\/li>\n<li>elimina\u00e7\u00e3o dos dados pessoais tratados com o consentimento do titular, exceto nos casos previstos em lei;<\/li>\n<li>informa\u00e7\u00e3o das entidades p\u00fablicas e privadas com as quais o controlador realizou uso compartilhado de dados;<\/li>\n<li>informa\u00e7\u00e3o sobre a possibilidade de n\u00e3o fornecer consentimento e sobre as consequ\u00eancias da negativa;<\/li>\n<li>revoga\u00e7\u00e3o do consentimento.<\/li>\n<\/ul>\n<p>\u00c9 importante destacar que, nos termos da LGPD, n\u00e3o existe um direito de elimina\u00e7\u00e3o de dados tratados com fundamento em bases legais distintas do consentimento, a menos que os dados sejam desnecess\u00e1rios, excessivos ou tratados em desconformidade com o previsto na lei.<\/p>\n<p>&nbsp;<\/p>\n<p><em>5.1. Como o titular pode exercer seus direitos<\/em><\/p>\n<p>Os titulares de dados pessoais tratados por n\u00f3s poder\u00e3o exercer seus direitos por enviando um <em>e-mail<\/em> ou uma correspond\u00eancia ao nosso Encarregado de Prote\u00e7\u00e3o de Dados Pessoais. As informa\u00e7\u00f5es necess\u00e1rias para isso est\u00e3o na se\u00e7\u00e3o &#8220;Como entrar em contato conosco&#8221; desta Pol\u00edtica de Privacidade.<\/p>\n<p>Para garantir que o usu\u00e1rio que pretende exercer seus direitos \u00e9, de fato, o titular dos dados pessoais objeto da requisi\u00e7\u00e3o, poderemos solicitar documentos ou outras informa\u00e7\u00f5es que possam auxiliar em sua correta identifica\u00e7\u00e3o, a fim de resguardar nossos direitos e os direitos de terceiros. Isto somente ser\u00e1 feito, por\u00e9m, se for absolutamente necess\u00e1rio, e o requerente receber\u00e1 todas as informa\u00e7\u00f5es relacionadas.<\/p>\n<p>&nbsp;<\/p>\n<ol start=\"6\">\n<li><strong>Medidas de seguran\u00e7a no tratamento de dados pessoais<\/strong><\/li>\n<\/ol>\n<p>Empregamos medidas t\u00e9cnicas e organizativas aptas a proteger os dados pessoais de acessos n\u00e3o autorizados e de situa\u00e7\u00f5es de destrui\u00e7\u00e3o, perda, extravio ou altera\u00e7\u00e3o desses dados.<\/p>\n<p>As medidas que utilizamos levam em considera\u00e7\u00e3o a natureza dos dados, o contexto e a finalidade do tratamento, os riscos que uma eventual viola\u00e7\u00e3o geraria para os direitos e liberdades do usu\u00e1rio, e os padr\u00f5es atualmente empregados no mercado por empresas semelhantes \u00e0 nossa.<\/p>\n<p>Entre as medidas de seguran\u00e7a adotadas por n\u00f3s, destacamos as seguintes:<\/p>\n<ul>\n<li>Os dados de nossos usu\u00e1rios s\u00e3o armazenados em ambiente seguro;<\/li>\n<li>Utilizamos certificado SSL (Secure Socket Layer), de modo que a transmiss\u00e3o de dados entre os dispositivos dos usu\u00e1rios e nossos servidores aconte\u00e7a de forma criptografada;<\/li>\n<li>Mantemos registros de todos aqueles que t\u00eam, de alguma forma, contato com nossos dados.<\/li>\n<li>Utilizamos firewall e antiv\u00edrus em servidores para prote\u00e7\u00e3o contra amea\u00e7as de malware;<\/li>\n<li>Limitamos o acesso aos dados de nossos usu\u00e1rios, de modo que terceiros n\u00e3o autorizados n\u00e3o possam acess\u00e1-los.<\/li>\n<\/ul>\n<p>Ainda que adote tudo o que est\u00e1 ao seu alcance para evitar incidentes de seguran\u00e7a, \u00e9 poss\u00edvel que ocorra algum problema motivado exclusivamente por um terceiro &#8211; como em caso de ataques de <em>hackers<\/em> ou <em>crackers<\/em> ou, ainda, em caso de culpa exclusiva do usu\u00e1rio, que ocorre, por exemplo, quando ele mesmo transfere seus dados a terceiro. Assim, embora sejamos, em geral, respons\u00e1veis pelos dados pessoais que tratamos, nos eximimos de responsabilidade caso ocorra uma situa\u00e7\u00e3o excepcional como essas, sobre as quais n\u00e3o temos nenhum tipo de controle.<\/p>\n<p>De qualquer forma, caso ocorra qualquer tipo de incidente de seguran\u00e7a que possa gerar risco ou dano relevante para qualquer de nossos usu\u00e1rios, comunicaremos os afetados e a Autoridade Nacional de Prote\u00e7\u00e3o de Dados acerca do ocorrido, em conformidade com o disposto na Lei Geral de Prote\u00e7\u00e3o de Dados.<\/p>\n<p>&nbsp;<\/p>\n<ol start=\"7\">\n<li><strong>Altera\u00e7\u00f5es nesta pol\u00edtica<\/strong><\/li>\n<\/ol>\n<p>A presente vers\u00e3o desta Pol\u00edtica de Privacidade foi atualizada pela \u00faltima vez em: 28\/01\/2024.<\/p>\n<p>Reservamo-nos o direito de modificar, a qualquer momento, as presentes normas, especialmente para adapt\u00e1-las \u00e0s eventuais altera\u00e7\u00f5es feitas em nosso site, seja pela disponibiliza\u00e7\u00e3o de novas funcionalidades, seja pela supress\u00e3o ou modifica\u00e7\u00e3o daquelas j\u00e1 existentes.<\/p>\n<p>Sempre que houver uma modifica\u00e7\u00e3o, nossos usu\u00e1rios ser\u00e3o notificados acerca da mudan\u00e7a.<\/p>\n<p>&nbsp;<\/p>\n<ol start=\"8\">\n<li><em><strong>Como entrar em contato conosco<\/strong><\/em><\/li>\n<\/ol>\n<p><em>Para esclarecer quaisquer d\u00favidas sobre esta Pol\u00edtica de Privacidade ou sobre os dados pessoais que tratamos, entre em contato com nosso Encarregado de Prote\u00e7\u00e3o de Dados Pessoais, por algum dos canais mencionados abaixo:<\/em><\/p>\n<ul>\n<li><em>E-mail: atendimento-lgpd@powertuning.com.br<\/em><\/li>\n<\/ul>\n","protected":false},"excerpt":{"rendered":"<p>POL\u00cdTICA DE PRIVACIDADE Este site \u00e9 mantido e operado por Power Tuning &#8211; Solu\u00e7\u00f5es em TI Ltda. A sua privacidade \u00e9 importante para n\u00f3s e por isso respeitamos a sua privacidade em rela\u00e7\u00e3o a qualquer informa\u00e7\u00e3o sua que possamos coletar no site\u00a0www.powertuning.com.br, e outros sites que possu\u00edmos e operamos. N\u00f3s coletamos e utilizamos alguns dados&hellip; <br \/> <a class=\"read-more\" href=\"https:\/\/powertuning.com.br\/blog\/politica-de-privacidade\/\">Leia mais<\/a><\/p>\n","protected":false},"author":1,"featured_media":0,"parent":0,"menu_order":0,"comment_status":"closed","ping_status":"open","template":"","meta":{"content-type":"","_exactmetrics_skip_tracking":false,"_exactmetrics_sitenote_active":false,"_exactmetrics_sitenote_note":"","_exactmetrics_sitenote_category":0,"jetpack_post_was_ever_published":false,"footnotes":""},"class_list":["post-3","page","type-page","status-publish","hentry"],"jetpack_sharing_enabled":true,"_links":{"self":[{"href":"https:\/\/powertuning.com.br\/blog\/wp-json\/wp\/v2\/pages\/3","targetHints":{"allow":["GET"]}}],"collection":[{"href":"https:\/\/powertuning.com.br\/blog\/wp-json\/wp\/v2\/pages"}],"about":[{"href":"https:\/\/powertuning.com.br\/blog\/wp-json\/wp\/v2\/types\/page"}],"author":[{"embeddable":true,"href":"https:\/\/powertuning.com.br\/blog\/wp-json\/wp\/v2\/users\/1"}],"replies":[{"embeddable":true,"href":"https:\/\/powertuning.com.br\/blog\/wp-json\/wp\/v2\/comments?post=3"}],"version-history":[{"count":2,"href":"https:\/\/powertuning.com.br\/blog\/wp-json\/wp\/v2\/pages\/3\/revisions"}],"predecessor-version":[{"id":2939,"href":"https:\/\/powertuning.com.br\/blog\/wp-json\/wp\/v2\/pages\/3\/revisions\/2939"}],"wp:attachment":[{"href":"https:\/\/powertuning.com.br\/blog\/wp-json\/wp\/v2\/media?parent=3"}],"curies":[{"name":"wp","href":"https:\/\/api.w.org\/{rel}","templated":true}]}}