{"id":2445,"date":"2023-06-09T16:21:27","date_gmt":"2023-06-09T19:21:27","guid":{"rendered":"https:\/\/powertuning.com.br\/?page_id=2445"},"modified":"2025-01-27T09:55:08","modified_gmt":"2025-01-27T12:55:08","slug":"consultoria-mysql-mariadb","status":"publish","type":"page","link":"https:\/\/powertuning.com.br\/blog\/consultoria-mysql-mariadb\/","title":{"rendered":"Consultoria de Banco de Dados &#8211; MySQL \/ MariaDB (DBA Remoto)"},"content":{"rendered":"<p><center><img loading=\"lazy\" decoding=\"async\" data-attachment-id=\"2443\" data-permalink=\"https:\/\/powertuning.com.br\/blog\/consultoria-mysql-mariadb\/mysql-2048\/\" data-orig-file=\"https:\/\/powertuning.com.br\/blog\/wp-content\/uploads\/2023\/06\/mysql-2048.png\" data-orig-size=\"2048,2048\" data-comments-opened=\"0\" data-image-meta=\"{&quot;aperture&quot;:&quot;0&quot;,&quot;credit&quot;:&quot;&quot;,&quot;camera&quot;:&quot;&quot;,&quot;caption&quot;:&quot;&quot;,&quot;created_timestamp&quot;:&quot;0&quot;,&quot;copyright&quot;:&quot;&quot;,&quot;focal_length&quot;:&quot;0&quot;,&quot;iso&quot;:&quot;0&quot;,&quot;shutter_speed&quot;:&quot;0&quot;,&quot;title&quot;:&quot;&quot;,&quot;orientation&quot;:&quot;0&quot;}\" data-image-title=\"mysql-2048\" data-image-description=\"\" data-image-caption=\"\" data-large-file=\"https:\/\/powertuning.com.br\/blog\/wp-content\/uploads\/2023\/06\/mysql-2048-1024x1024.png\" class=\"alignnone size-medium wp-image-2443\" src=\"https:\/\/powertuning.com.br\/blog\/wp-content\/uploads\/2023\/06\/mysql-2048-300x300.png\" alt=\"\" width=\"300\" height=\"300\" srcset=\"https:\/\/powertuning.com.br\/blog\/wp-content\/uploads\/2023\/06\/mysql-2048-300x300.png 300w, https:\/\/powertuning.com.br\/blog\/wp-content\/uploads\/2023\/06\/mysql-2048-1024x1024.png 1024w, https:\/\/powertuning.com.br\/blog\/wp-content\/uploads\/2023\/06\/mysql-2048-150x150.png 150w, https:\/\/powertuning.com.br\/blog\/wp-content\/uploads\/2023\/06\/mysql-2048-768x768.png 768w, https:\/\/powertuning.com.br\/blog\/wp-content\/uploads\/2023\/06\/mysql-2048-1536x1536.png 1536w, https:\/\/powertuning.com.br\/blog\/wp-content\/uploads\/2023\/06\/mysql-2048-1080x1080.png 1080w, https:\/\/powertuning.com.br\/blog\/wp-content\/uploads\/2023\/06\/mysql-2048.png 2048w\" sizes=\"auto, (max-width: 300px) 100vw, 300px\" \/><\/center><\/p>\n<h2>Como podemos ajudar no seu banco de dados MySQL \/ MariaDB<\/h2>\n<ul>\n<li>Resolu\u00e7\u00e3o de problema de performance de ponta a ponta no Banco de Dados<\/li>\n<li>An\u00e1lise e implementa\u00e7\u00e3o das melhores pr\u00e1ticas de administra\u00e7\u00e3o de Banco de Dados<\/li>\n<li>Configura\u00e7\u00e3o e instala\u00e7\u00e3o de bancos de dados<\/li>\n<li>Implanta\u00e7\u00e3o de projetos de migra\u00e7\u00e3o para a nuvem (Azure ou Amazon RDS)<\/li>\n<li>Migra\u00e7\u00e3o do MySQL para outro servidor ou atualiza\u00e7\u00e3o de vers\u00e3o<\/li>\n<li>Cria\u00e7\u00e3o\/revis\u00e3o\/manuten\u00e7\u00e3o de rotinas de backup (Full, Diferencial e Incremental)<\/li>\n<li>Cria\u00e7\u00e3o de rotinas de auditorias para logins, altera\u00e7\u00f5es de dados, altera\u00e7\u00f5es de estruturas (com hist\u00f3rico), altera\u00e7\u00f5es em jobs (com hist\u00f3rico) e altera\u00e7\u00f5es em par\u00e2metros e configura\u00e7\u00f5es da inst\u00e2ncia<\/li>\n<li>Desenvolvimento de Queries SQL para finalidades diversas<\/li>\n<li>An\u00e1lise de erros e problemas: Est\u00e1 com dificuldade no banco de dados? N\u00f3s resolvemos para voc\u00ea<\/li>\n<\/ul>\n<h2>Deseja solicitar um or\u00e7amento?<\/h2>\n<p>Est\u00e1 precisando de ajuda para administrar o banco de dados MySQL ou MariaDB da sua empresa? Quer atualizar a vers\u00e3o, migrar para nuvem ou outro servidor? Precisa implantar um modelo de alta disponibilidade para garantir o funcionamento do banco em caso de falhas de hardware? Seu banco est\u00e1 lento ou apresentando erros que voc\u00ea n\u00e3o consegue resolver?<\/p>\n<p>Preencha os seus dados abaixo que entraremos em contato para conversamos melhor sobre a sua necessidade e iniciarmos uma parceria de sucesso.<\/p>\n<p><script charset=\"utf-8\" type=\"text\/javascript\" src=\"\/\/js.hsforms.net\/forms\/embed\/v2.js\"><\/script><br \/>\n<script>\n  hbspt.forms.create({\n    portalId: \"48453815\",\n    formId: \"6d16101c-cc6c-4745-91b2-0ce5ac1a5e4a\"\n  });\n<\/script><\/p>\n","protected":false},"excerpt":{"rendered":"<p>Como podemos ajudar no seu banco de dados MySQL \/ MariaDB Resolu\u00e7\u00e3o de problema de performance de ponta a ponta no Banco de Dados An\u00e1lise e implementa\u00e7\u00e3o das melhores pr\u00e1ticas de administra\u00e7\u00e3o de Banco de Dados Configura\u00e7\u00e3o e instala\u00e7\u00e3o de bancos de dados Implanta\u00e7\u00e3o de projetos de migra\u00e7\u00e3o para a nuvem (Azure ou Amazon RDS)&hellip; <br \/> <a class=\"read-more\" href=\"https:\/\/powertuning.com.br\/blog\/consultoria-mysql-mariadb\/\">Leia mais<\/a><\/p>\n","protected":false},"author":4,"featured_media":0,"parent":0,"menu_order":0,"comment_status":"closed","ping_status":"closed","template":"","meta":{"content-type":"","_exactmetrics_skip_tracking":false,"_exactmetrics_sitenote_active":false,"_exactmetrics_sitenote_note":"","_exactmetrics_sitenote_category":0,"jetpack_post_was_ever_published":false,"footnotes":""},"class_list":["post-2445","page","type-page","status-publish","hentry"],"jetpack_sharing_enabled":true,"_links":{"self":[{"href":"https:\/\/powertuning.com.br\/blog\/wp-json\/wp\/v2\/pages\/2445","targetHints":{"allow":["GET"]}}],"collection":[{"href":"https:\/\/powertuning.com.br\/blog\/wp-json\/wp\/v2\/pages"}],"about":[{"href":"https:\/\/powertuning.com.br\/blog\/wp-json\/wp\/v2\/types\/page"}],"author":[{"embeddable":true,"href":"https:\/\/powertuning.com.br\/blog\/wp-json\/wp\/v2\/users\/4"}],"replies":[{"embeddable":true,"href":"https:\/\/powertuning.com.br\/blog\/wp-json\/wp\/v2\/comments?post=2445"}],"version-history":[{"count":7,"href":"https:\/\/powertuning.com.br\/blog\/wp-json\/wp\/v2\/pages\/2445\/revisions"}],"predecessor-version":[{"id":4268,"href":"https:\/\/powertuning.com.br\/blog\/wp-json\/wp\/v2\/pages\/2445\/revisions\/4268"}],"wp:attachment":[{"href":"https:\/\/powertuning.com.br\/blog\/wp-json\/wp\/v2\/media?parent=2445"}],"curies":[{"name":"wp","href":"https:\/\/api.w.org\/{rel}","templated":true}]}}