{"id":2185,"date":"2023-05-12T14:54:46","date_gmt":"2023-05-12T17:54:46","guid":{"rendered":"https:\/\/powertuning.com.br\/?page_id=2185"},"modified":"2026-01-22T10:30:58","modified_gmt":"2026-01-22T13:30:58","slug":"produtos","status":"publish","type":"page","link":"https:\/\/powertuning.com.br\/blog\/produtos\/","title":{"rendered":"Produtos da Power Tuning"},"content":{"rendered":"<p>A Power Tuning est\u00e1 criando uma s\u00e9rie de produtos para ajudar nossos clientes com solu\u00e7\u00f5es prontas para ajudar no dia a dia, onde o cliente s\u00f3 tem o trabalho de implantar e come\u00e7ar a utilizar rapidamente.<\/p>\n<p>S\u00e3o produtos que deram muito trabalho de serem constru\u00eddo com a experiencia de anos de nossos profissionais e que ficaram t\u00e3o bons que, ao inv\u00e9s de s\u00f3 usar interno em nossos clientes, estamos disponibilizando para uso de todos voc\u00eas.<\/p>\n<div class=\"espaco\"><\/div>\n<h2><strong>Power Alerts for SQL Server<\/strong><\/h2>\n<p>\u00c9 um sistema de alertas criado com a experi\u00eancia da Power Tuning em mais de 500 clientes atendidos para te ajudar a ter um monitoramento completo do seu ambiente SQL Server.<\/p>\n<p>Ele tamb\u00e9m conta com um Dash em Power BI (Power Monitor) para que possa ter um monitoramento em tempo real da sua inst\u00e2ncia.<\/p>\n<p>Veja nesse link todos os detalhes dessa ferramenta: <a href=\"https:\/\/powertuning.com.br\/poweralerts\/\" target=\"_blank\" rel=\"noopener\">Power Alerts for SQL Server<\/a><\/p>\n<div class=\"espaco\"><\/div>\n<h2><strong>Power Alerts for Oracle<\/strong><\/h2>\n<p>\u00c9 um monitoramento desenvolvido pelo especialista em Oracle Ricardo Portilho, com toda sua experi\u00eancia de mais de 25 anos trabalhando com Oracle, para monitorar o seu ambiente 24 horas por dia. Dessa forma, os problemas mais impactantes que o Portilho j\u00e1 enfrentou em ambientes Oracle, se tornou um alerta nesse sistema de monitoramento.<\/p>\n<p>Ele tamb\u00e9m conta com relat\u00f3rios em Grafana para os clientes possam acompanhar as informa\u00e7\u00f5es do ambiente em tempo real.<\/p>\n<p>Veja nesse link todos os detalhes dessa ferramenta: <a href=\"https:\/\/powertuning.com.br\/power-alerts-for-oracle\/\" target=\"_blank\" rel=\"noopener\">Power Alerts for Oracle<\/a><\/p>\n<h2><strong>Power Embedded<\/strong><\/h2>\n<p>O Power Embedded \u00e9 um portal SaaS que permite compartilhar relat\u00f3rios do Power BI de forma personalizada, utilizando licenciamento por capacidade do Power BI Embedded ou Microsoft Fabric. Ele possibilita que os usu\u00e1rios visualizem relat\u00f3rios sem precisar de uma licen\u00e7a Pro, reduzindo custos em at\u00e9 90%. O portal \u00e9 totalmente customiz\u00e1vel, com controle de permiss\u00f5es, integra\u00e7\u00e3o com APIs e suporte para diferentes tipos de relat\u00f3rios. Tamb\u00e9m oferece recursos de auditoria e integra\u00e7\u00f5es com Azure AD e Google para facilitar o gerenciamento de acessos.<\/p>\n<p>Veja nesse link todos os detalhes dessa ferramenta: <a href=\"https:\/\/powerembedded.com.br\/\" target=\"_blank\" rel=\"noopener\">Power Embedded<\/a><\/p>\n<h2><strong>Power Omni Ai<br \/>\n<\/strong><\/h2>\n<p>Com a nossa Intelig\u00eancia Artificial Corporativa \u00e9 poss\u00edvel conectar arquivos e sistemas internos em um \u00fanico ponto de conhecimento, de forma segura, confi\u00e1vel e estrat\u00e9gica.<\/p>\n<p>Veja nesse link todos os detalhes dessa ferramenta: <a href=\"http:\/\/poweromni.ai\/\">poweromni.ai<\/a><\/p>\n<h2><strong>Power Alerts<br \/>\n<\/strong><\/h2>\n<p>Ferramenta robusta de monitoramento de banco de dados SQL Server ou Oracle.<br \/>\nEvite surpresas! Power Alerts monitora em tempo real seu ambiente e envia notifica\u00e7\u00f5es instant\u00e2neas, prevenindo falhas e facilitando a tomada de decis\u00e3o r\u00e1pida.<\/p>\n<p>Veja nesse link todos os detalhes dessa ferramenta: <a href=\"https:\/\/www.poweralerts.com.br\/\">poweralerts.com.br<\/a><\/p>\n<h2><strong>Power CLR<\/strong><\/h2>\n<p><span style=\"background-color: transparent;\">O Power Embedded \u00e9 um portal SaaS que permite compartilhar relat\u00f3rios do Power BI de forma personalizada, utilizando licenciamento por capacidade do Power BI Embedded ou Microsoft Fabric. Ele possibilita que os usu\u00e1rios visualizem relat\u00f3rios sem precisar de uma licen\u00e7a Pro, reduzindo custos em at\u00e9 90%. O portal \u00e9 totalmente customiz\u00e1vel, com controle de permiss\u00f5es, integra\u00e7\u00e3o com APIs e suporte para diferentes tipos de relat\u00f3rios. Tamb\u00e9m oferece recursos de auditoria e integra\u00e7\u00f5es com Azure AD e Google para facilitar o gerenciamento de acessos.<\/span><\/p>\n<h2><strong>Power Pilot \u2022 IA generativa<\/strong><\/h2>\n<p>O Power Pilot utiliza intelig\u00eancia artificial (IA) generativa, utilizando a API do OpenAI ou Azure OpenAI para disponibilizar um chatbot integrado aos conjuntos de dados do Power BI da sua empresa e responder perguntas e oferecer insights, an\u00e1lises complexas e gr\u00e1ficos para seus usu\u00e1rios e clientes.<\/p>\n<p>Quer saber mais sobre nossos produtos, entre em contato que agendamos uma reuni\u00e3o.<\/p>\n<p>Fiquem ligados em nossas redes sociais que em breve disponibilizaremos novos produtos para voc\u00eas.<\/p>\n<h2><strong>Cursos Power Tuning\u00a0<\/strong><\/h2>\n<p>Aprenda com especialistas! Nossos cursos online s\u00e3o focados em banco de dados e tecnologias Microsoft, com conte\u00fado pr\u00e1tico para voc\u00ea dominar a \u00e1rea.<\/p>\n<p>Saiba mais em\u00a0<a href=\"https:\/\/cursos.powertuning.com.br\/\">https:\/\/cursos.powertuning.com.br\/<\/a><\/p>\n<p>&nbsp;<\/p>\n","protected":false},"excerpt":{"rendered":"<p>A Power Tuning est\u00e1 criando uma s\u00e9rie de produtos para ajudar nossos clientes com solu\u00e7\u00f5es prontas para ajudar no dia a dia, onde o cliente s\u00f3 tem o trabalho de implantar e come\u00e7ar a utilizar rapidamente. S\u00e3o produtos que deram muito trabalho de serem constru\u00eddo com a experiencia de anos de nossos profissionais e que&hellip; <br \/> <a class=\"read-more\" href=\"https:\/\/powertuning.com.br\/blog\/produtos\/\">Leia mais<\/a><\/p>\n","protected":false},"author":4,"featured_media":0,"parent":0,"menu_order":0,"comment_status":"closed","ping_status":"closed","template":"","meta":{"content-type":"","_exactmetrics_skip_tracking":false,"_exactmetrics_sitenote_active":false,"_exactmetrics_sitenote_note":"","_exactmetrics_sitenote_category":0,"jetpack_post_was_ever_published":false,"footnotes":""},"class_list":["post-2185","page","type-page","status-publish","hentry"],"jetpack_sharing_enabled":true,"_links":{"self":[{"href":"https:\/\/powertuning.com.br\/blog\/wp-json\/wp\/v2\/pages\/2185","targetHints":{"allow":["GET"]}}],"collection":[{"href":"https:\/\/powertuning.com.br\/blog\/wp-json\/wp\/v2\/pages"}],"about":[{"href":"https:\/\/powertuning.com.br\/blog\/wp-json\/wp\/v2\/types\/page"}],"author":[{"embeddable":true,"href":"https:\/\/powertuning.com.br\/blog\/wp-json\/wp\/v2\/users\/4"}],"replies":[{"embeddable":true,"href":"https:\/\/powertuning.com.br\/blog\/wp-json\/wp\/v2\/comments?post=2185"}],"version-history":[{"count":17,"href":"https:\/\/powertuning.com.br\/blog\/wp-json\/wp\/v2\/pages\/2185\/revisions"}],"predecessor-version":[{"id":8231,"href":"https:\/\/powertuning.com.br\/blog\/wp-json\/wp\/v2\/pages\/2185\/revisions\/8231"}],"wp:attachment":[{"href":"https:\/\/powertuning.com.br\/blog\/wp-json\/wp\/v2\/media?parent=2185"}],"curies":[{"name":"wp","href":"https:\/\/api.w.org\/{rel}","templated":true}]}}