{"id":202,"date":"2020-01-06T14:24:06","date_gmt":"2020-01-06T17:24:06","guid":{"rendered":"https:\/\/powertuning.com.br\/?page_id=202"},"modified":"2025-01-27T10:13:13","modified_gmt":"2025-01-27T13:13:13","slug":"azure-e-licenciamento","status":"publish","type":"page","link":"https:\/\/powertuning.com.br\/blog\/azure-e-licenciamento\/","title":{"rendered":"Azure e Licenciamento"},"content":{"rendered":"<p><center><img loading=\"lazy\" decoding=\"async\" data-attachment-id=\"2457\" data-permalink=\"https:\/\/powertuning.com.br\/blog\/azure-e-licenciamento\/power-tuning-azure-brasil-microsoft-solutions-partner\/\" data-orig-file=\"https:\/\/powertuning.com.br\/blog\/wp-content\/uploads\/2023\/06\/Power-Tuning-Azure-Brasil-Microsoft-Solutions-Partner.jpeg\" data-orig-size=\"800,811\" data-comments-opened=\"0\" data-image-meta=\"{&quot;aperture&quot;:&quot;0&quot;,&quot;credit&quot;:&quot;&quot;,&quot;camera&quot;:&quot;&quot;,&quot;caption&quot;:&quot;&quot;,&quot;created_timestamp&quot;:&quot;0&quot;,&quot;copyright&quot;:&quot;&quot;,&quot;focal_length&quot;:&quot;0&quot;,&quot;iso&quot;:&quot;0&quot;,&quot;shutter_speed&quot;:&quot;0&quot;,&quot;title&quot;:&quot;&quot;,&quot;orientation&quot;:&quot;0&quot;}\" data-image-title=\"Power Tuning &amp;#8211; Azure Brasil &amp;#8211; Microsoft Solutions Partner\" data-image-description=\"\" data-image-caption=\"\" data-large-file=\"https:\/\/powertuning.com.br\/blog\/wp-content\/uploads\/2023\/06\/Power-Tuning-Azure-Brasil-Microsoft-Solutions-Partner.jpeg\" class=\"alignnone size-medium wp-image-2457\" src=\"https:\/\/powertuning.com.br\/blog\/wp-content\/uploads\/2023\/06\/Power-Tuning-Azure-Brasil-Microsoft-Solutions-Partner-296x300.jpeg\" alt=\"\" width=\"296\" height=\"300\" srcset=\"https:\/\/powertuning.com.br\/blog\/wp-content\/uploads\/2023\/06\/Power-Tuning-Azure-Brasil-Microsoft-Solutions-Partner-296x300.jpeg 296w, https:\/\/powertuning.com.br\/blog\/wp-content\/uploads\/2023\/06\/Power-Tuning-Azure-Brasil-Microsoft-Solutions-Partner-768x779.jpeg 768w, https:\/\/powertuning.com.br\/blog\/wp-content\/uploads\/2023\/06\/Power-Tuning-Azure-Brasil-Microsoft-Solutions-Partner.jpeg 800w\" sizes=\"auto, (max-width: 296px) 100vw, 296px\" \/><\/center>A Power Tuning tem uma longa parceria com a Microsoft h\u00e1 v\u00e1rios anos. Fomos <strong>Microsoft Gold Partner<\/strong> por anos, nas categorias Data Platform e Data Analytics e agora que o programa foi migrado para o Microsoft Solutions Partner, a Power Tuning em 2023 entrou para o programa <span class=\"ui-provider ah aef ms alm aln alo alp alq alr als alt alu alv alw alx aly alz ama amb amc amd ame amf amg amh ami amj amk aml amm amn amo amp amq amr\" dir=\"ltr\"><strong>Microsoft Solution Partner<\/strong> <\/span>na categoria &#8220;Dados e AI Azure&#8221;.<\/p>\n<p>Com isso, mantemos nossa parceria com a Microsoft, no mais alto n\u00edvel poss\u00edvel, e podemos te ajudar na aquisi\u00e7\u00e3o de licen\u00e7as de Power BI, SQL Server ou para a migra\u00e7\u00e3o do seu ambiente para o Azure, tanto na aquisi\u00e7\u00e3o de licen\u00e7as quanto no trabalho de Migra\u00e7\u00e3o.<\/p>\n<h2>Como podemos te ajudar?<\/h2>\n<h3>Melhoria do desempenho da aplica\u00e7\u00e3o e rotinas de DevOps<\/h3>\n<ul>\n<li>An\u00e1lise e implementa\u00e7\u00e3o das melhores pr\u00e1ticas de administra\u00e7\u00e3o de servidores de aplica\u00e7\u00e3o com rela\u00e7\u00e3o \u00e0 performance.<\/li>\n<li>An\u00e1lise de performance de ponta a ponta na aplica\u00e7\u00e3o.<\/li>\n<li>Customiza\u00e7\u00f5es de configura\u00e7\u00f5es do Azure e telemetria da aplica\u00e7\u00e3o.<\/li>\n<li>Revis\u00e3o da estrat\u00e9gia de backup e disaster recovery.<\/li>\n<li>An\u00e1lise e sugest\u00f5es de melhorias de seguran\u00e7a para o ambiente.<\/li>\n<\/ul>\n<h3>Cria\u00e7\u00e3o de alertas, dashboards e rotinas de monitoramento<\/h3>\n<ul>\n<li>Cria\u00e7\u00e3o de alertas para que qualquer problema critico seja identificado o mais r\u00e1pido poss\u00edvel.<\/li>\n<li>Cria\u00e7\u00e3o de dashboards que permita a qualquer pessoa com acesso ao Azure possa analisar e extrair informa\u00e7\u00f5es com rela\u00e7\u00e3o ao ambiente de forma agrupada.<\/li>\n<li>Cria\u00e7\u00e3o de um CheckList da aplica\u00e7\u00e3o para monitoramento di\u00e1rio do ambiente.<\/li>\n<\/ul>\n<h3>Seguran\u00e7a no Azure<\/h3>\n<ul>\n<li>Checklist de seguran\u00e7a do ambiente da aplica\u00e7\u00e3o para evitar vazamento de informa\u00e7\u00f5es e execu\u00e7\u00e3o de rotinas n\u00e3o autorizadas.<\/li>\n<\/ul>\n<h3>Monitoramento remoto do ambiente<\/h3>\n<ul>\n<li>Recebimento dos alertas e do checklist de monitoramento em nosso e-mail para atuar proativamente sem que o cliente tenha que nos acionar.<\/li>\n<\/ul>\n<h3>Redu\u00e7\u00e3o de custos com Azure<\/h3>\n<ul>\n<li>Revis\u00e3o do ambiente para recursos sem utiliza\u00e7\u00e3o<\/li>\n<li>Revis\u00e3o do tamanho das m\u00e1quinas virtuais e\/ou servi\u00e7os de aplicativos<\/li>\n<li>Implementa\u00e7\u00e3o de regras de auto-scale<\/li>\n<li>Implementa\u00e7\u00e3o de Ligar\/Desligar m\u00e1quinas virtuais automaticamente<\/li>\n<\/ul>\n<h2>Deseja solicitar um or\u00e7amento?<\/h2>\n<p>Precisa de ajuda na compra de licen\u00e7as Microsoft, na aquisi\u00e7\u00e3o de servi\u00e7os no Azure ou para realizar um projeto completo de migra\u00e7\u00e3o para o Azure?<\/p>\n<p>Preencha os seus dados abaixo que entraremos em contato para conversamos melhor sobre a sua necessidade e iniciarmos uma parceria de sucesso.<\/p>\n<p><script charset=\"utf-8\" type=\"text\/javascript\" src=\"\/\/js.hsforms.net\/forms\/embed\/v2.js\"><\/script><br \/>\n<script>\n  hbspt.forms.create({\n    portalId: \"48453815\",\n    formId: \"f872ee67-91eb-44e6-8dea-1141aea67931\"\n  });\n<\/script><\/p>\n","protected":false},"excerpt":{"rendered":"<p>A Power Tuning tem uma longa parceria com a Microsoft h\u00e1 v\u00e1rios anos. Fomos Microsoft Gold Partner por anos, nas categorias Data Platform e Data Analytics e agora que o programa foi migrado para o Microsoft Solutions Partner, a Power Tuning em 2023 entrou para o programa Microsoft Solution Partner na categoria &#8220;Dados e AI&hellip; <br \/> <a class=\"read-more\" href=\"https:\/\/powertuning.com.br\/blog\/azure-e-licenciamento\/\">Leia mais<\/a><\/p>\n","protected":false},"author":1,"featured_media":2457,"parent":0,"menu_order":0,"comment_status":"closed","ping_status":"closed","template":"","meta":{"content-type":"","_exactmetrics_skip_tracking":false,"_exactmetrics_sitenote_active":false,"_exactmetrics_sitenote_note":"","_exactmetrics_sitenote_category":0,"jetpack_post_was_ever_published":false,"footnotes":""},"class_list":["post-202","page","type-page","status-publish","has-post-thumbnail","hentry"],"jetpack_sharing_enabled":true,"_links":{"self":[{"href":"https:\/\/powertuning.com.br\/blog\/wp-json\/wp\/v2\/pages\/202","targetHints":{"allow":["GET"]}}],"collection":[{"href":"https:\/\/powertuning.com.br\/blog\/wp-json\/wp\/v2\/pages"}],"about":[{"href":"https:\/\/powertuning.com.br\/blog\/wp-json\/wp\/v2\/types\/page"}],"author":[{"embeddable":true,"href":"https:\/\/powertuning.com.br\/blog\/wp-json\/wp\/v2\/users\/1"}],"replies":[{"embeddable":true,"href":"https:\/\/powertuning.com.br\/blog\/wp-json\/wp\/v2\/comments?post=202"}],"version-history":[{"count":17,"href":"https:\/\/powertuning.com.br\/blog\/wp-json\/wp\/v2\/pages\/202\/revisions"}],"predecessor-version":[{"id":4277,"href":"https:\/\/powertuning.com.br\/blog\/wp-json\/wp\/v2\/pages\/202\/revisions\/4277"}],"wp:featuredmedia":[{"embeddable":true,"href":"https:\/\/powertuning.com.br\/blog\/wp-json\/wp\/v2\/media\/2457"}],"wp:attachment":[{"href":"https:\/\/powertuning.com.br\/blog\/wp-json\/wp\/v2\/media?parent=202"}],"curies":[{"name":"wp","href":"https:\/\/api.w.org\/{rel}","templated":true}]}}