{"id":198,"date":"2020-01-06T14:23:04","date_gmt":"2020-01-06T17:23:04","guid":{"rendered":"https:\/\/powertuning.com.br\/?page_id=198"},"modified":"2025-01-27T10:19:56","modified_gmt":"2025-01-27T13:19:56","slug":"consultoria-dados-power-bi-big-data-analytics-engenharia","status":"publish","type":"page","link":"https:\/\/powertuning.com.br\/blog\/consultoria-dados-power-bi-big-data-analytics-engenharia\/","title":{"rendered":"Consultoria em Dados (BI, Power BI, Analytics, Big Data, Engenharia de Dados, etc)"},"content":{"rendered":"\r\n<p style=\"text-align: center;\"><div id=\"metaslider-id-1752\" style=\"width: 100%; margin: 0 auto;\" class=\"ml-slider-3-108-0 metaslider metaslider-responsive metaslider-1752 ml-slider has-dots-nav ms-theme-default\" role=\"region\" aria-label=\"SlidePowerBI\" data-height=\"300\" data-width=\"1280\">\n    <div id=\"metaslider_container_1752\">\n        <ul id='metaslider_1752' class='rslides'>\n            <li aria-roledescription='slide' aria-labelledby='slide-0'><img loading=\"lazy\" decoding=\"async\" width=\"1360\" height=\"759\" src=\"https:\/\/powertuning.com.br\/blog\/wp-content\/uploads\/2022\/06\/2022-06-10_10-08-19.png\" class=\"slider-1752 slide-1753 msDefaultImage\" alt=\"\" rel=\"\" title=\"2022-06-10_10-08-19\" srcset=\"https:\/\/powertuning.com.br\/blog\/wp-content\/uploads\/2022\/06\/2022-06-10_10-08-19.png 1360w, https:\/\/powertuning.com.br\/blog\/wp-content\/uploads\/2022\/06\/2022-06-10_10-08-19-300x167.png 300w, https:\/\/powertuning.com.br\/blog\/wp-content\/uploads\/2022\/06\/2022-06-10_10-08-19-1024x571.png 1024w, https:\/\/powertuning.com.br\/blog\/wp-content\/uploads\/2022\/06\/2022-06-10_10-08-19-768x429.png 768w, https:\/\/powertuning.com.br\/blog\/wp-content\/uploads\/2022\/06\/2022-06-10_10-08-19-20x11.png 20w\" sizes=\"auto, (max-width: 1360px) 100vw, 1360px\" data-attachment-id=\"1743\" data-permalink=\"https:\/\/powertuning.com.br\/blog\/2022-06-10_10-08-19\/\" data-orig-file=\"https:\/\/powertuning.com.br\/blog\/wp-content\/uploads\/2022\/06\/2022-06-10_10-08-19.png\" data-orig-size=\"1360,759\" data-comments-opened=\"0\" data-image-meta=\"{&quot;aperture&quot;:&quot;0&quot;,&quot;credit&quot;:&quot;&quot;,&quot;camera&quot;:&quot;&quot;,&quot;caption&quot;:&quot;&quot;,&quot;created_timestamp&quot;:&quot;0&quot;,&quot;copyright&quot;:&quot;&quot;,&quot;focal_length&quot;:&quot;0&quot;,&quot;iso&quot;:&quot;0&quot;,&quot;shutter_speed&quot;:&quot;0&quot;,&quot;title&quot;:&quot;&quot;,&quot;orientation&quot;:&quot;0&quot;}\" data-image-title=\"2022-06-10_10-08-19\" data-image-description=\"\" data-image-caption=\"\" data-large-file=\"https:\/\/powertuning.com.br\/blog\/wp-content\/uploads\/2022\/06\/2022-06-10_10-08-19-1024x571.png\" \/><\/li>\n            <li style='display: none;' aria-roledescription='slide' aria-labelledby='slide-1'><img loading=\"lazy\" decoding=\"async\" width=\"1363\" height=\"765\" src=\"https:\/\/powertuning.com.br\/blog\/wp-content\/uploads\/2022\/06\/2022-06-10_10-14-29.png\" class=\"slider-1752 slide-1754 msDefaultImage\" alt=\"\" rel=\"\" title=\"2022-06-10_10-14-29\" srcset=\"https:\/\/powertuning.com.br\/blog\/wp-content\/uploads\/2022\/06\/2022-06-10_10-14-29.png 1363w, https:\/\/powertuning.com.br\/blog\/wp-content\/uploads\/2022\/06\/2022-06-10_10-14-29-300x168.png 300w, https:\/\/powertuning.com.br\/blog\/wp-content\/uploads\/2022\/06\/2022-06-10_10-14-29-1024x575.png 1024w, https:\/\/powertuning.com.br\/blog\/wp-content\/uploads\/2022\/06\/2022-06-10_10-14-29-768x431.png 768w, https:\/\/powertuning.com.br\/blog\/wp-content\/uploads\/2022\/06\/2022-06-10_10-14-29-20x11.png 20w\" sizes=\"auto, (max-width: 1363px) 100vw, 1363px\" data-attachment-id=\"1745\" data-permalink=\"https:\/\/powertuning.com.br\/blog\/2022-06-10_10-14-29\/\" data-orig-file=\"https:\/\/powertuning.com.br\/blog\/wp-content\/uploads\/2022\/06\/2022-06-10_10-14-29.png\" data-orig-size=\"1363,765\" data-comments-opened=\"0\" data-image-meta=\"{&quot;aperture&quot;:&quot;0&quot;,&quot;credit&quot;:&quot;&quot;,&quot;camera&quot;:&quot;&quot;,&quot;caption&quot;:&quot;&quot;,&quot;created_timestamp&quot;:&quot;0&quot;,&quot;copyright&quot;:&quot;&quot;,&quot;focal_length&quot;:&quot;0&quot;,&quot;iso&quot;:&quot;0&quot;,&quot;shutter_speed&quot;:&quot;0&quot;,&quot;title&quot;:&quot;&quot;,&quot;orientation&quot;:&quot;0&quot;}\" data-image-title=\"2022-06-10_10-14-29\" data-image-description=\"\" data-image-caption=\"\" data-large-file=\"https:\/\/powertuning.com.br\/blog\/wp-content\/uploads\/2022\/06\/2022-06-10_10-14-29-1024x575.png\" \/><\/li>\n            <li style='display: none;' aria-roledescription='slide' aria-labelledby='slide-2'><img loading=\"lazy\" decoding=\"async\" width=\"1318\" height=\"762\" src=\"https:\/\/powertuning.com.br\/blog\/wp-content\/uploads\/2022\/06\/2022-06-10_10-09-47.png\" class=\"slider-1752 slide-1755 msDefaultImage\" alt=\"\" rel=\"\" title=\"2022-06-10_10-09-47\" srcset=\"https:\/\/powertuning.com.br\/blog\/wp-content\/uploads\/2022\/06\/2022-06-10_10-09-47.png 1318w, https:\/\/powertuning.com.br\/blog\/wp-content\/uploads\/2022\/06\/2022-06-10_10-09-47-300x173.png 300w, https:\/\/powertuning.com.br\/blog\/wp-content\/uploads\/2022\/06\/2022-06-10_10-09-47-1024x592.png 1024w, https:\/\/powertuning.com.br\/blog\/wp-content\/uploads\/2022\/06\/2022-06-10_10-09-47-768x444.png 768w, https:\/\/powertuning.com.br\/blog\/wp-content\/uploads\/2022\/06\/2022-06-10_10-09-47-20x12.png 20w\" sizes=\"auto, (max-width: 1318px) 100vw, 1318px\" data-attachment-id=\"1744\" data-permalink=\"https:\/\/powertuning.com.br\/blog\/2022-06-10_10-09-47\/\" data-orig-file=\"https:\/\/powertuning.com.br\/blog\/wp-content\/uploads\/2022\/06\/2022-06-10_10-09-47.png\" data-orig-size=\"1318,762\" data-comments-opened=\"0\" data-image-meta=\"{&quot;aperture&quot;:&quot;0&quot;,&quot;credit&quot;:&quot;&quot;,&quot;camera&quot;:&quot;&quot;,&quot;caption&quot;:&quot;&quot;,&quot;created_timestamp&quot;:&quot;0&quot;,&quot;copyright&quot;:&quot;&quot;,&quot;focal_length&quot;:&quot;0&quot;,&quot;iso&quot;:&quot;0&quot;,&quot;shutter_speed&quot;:&quot;0&quot;,&quot;title&quot;:&quot;&quot;,&quot;orientation&quot;:&quot;0&quot;}\" data-image-title=\"2022-06-10_10-09-47\" data-image-description=\"\" data-image-caption=\"\" data-large-file=\"https:\/\/powertuning.com.br\/blog\/wp-content\/uploads\/2022\/06\/2022-06-10_10-09-47-1024x592.png\" \/><\/li>\n            <li style='display: none;' aria-roledescription='slide' aria-labelledby='slide-3'><img loading=\"lazy\" decoding=\"async\" width=\"1239\" height=\"713\" src=\"https:\/\/powertuning.com.br\/blog\/wp-content\/uploads\/2022\/06\/2022-06-10_10-06-43.png\" class=\"slider-1752 slide-1756 msDefaultImage\" alt=\"\" rel=\"\" title=\"2022-06-10_10-06-43\" srcset=\"https:\/\/powertuning.com.br\/blog\/wp-content\/uploads\/2022\/06\/2022-06-10_10-06-43.png 1239w, https:\/\/powertuning.com.br\/blog\/wp-content\/uploads\/2022\/06\/2022-06-10_10-06-43-300x173.png 300w, https:\/\/powertuning.com.br\/blog\/wp-content\/uploads\/2022\/06\/2022-06-10_10-06-43-1024x589.png 1024w, https:\/\/powertuning.com.br\/blog\/wp-content\/uploads\/2022\/06\/2022-06-10_10-06-43-768x442.png 768w, https:\/\/powertuning.com.br\/blog\/wp-content\/uploads\/2022\/06\/2022-06-10_10-06-43-20x12.png 20w\" sizes=\"auto, (max-width: 1239px) 100vw, 1239px\" data-attachment-id=\"1742\" data-permalink=\"https:\/\/powertuning.com.br\/blog\/2022-06-10_10-06-43\/\" data-orig-file=\"https:\/\/powertuning.com.br\/blog\/wp-content\/uploads\/2022\/06\/2022-06-10_10-06-43.png\" data-orig-size=\"1239,713\" data-comments-opened=\"0\" data-image-meta=\"{&quot;aperture&quot;:&quot;0&quot;,&quot;credit&quot;:&quot;&quot;,&quot;camera&quot;:&quot;&quot;,&quot;caption&quot;:&quot;&quot;,&quot;created_timestamp&quot;:&quot;0&quot;,&quot;copyright&quot;:&quot;&quot;,&quot;focal_length&quot;:&quot;0&quot;,&quot;iso&quot;:&quot;0&quot;,&quot;shutter_speed&quot;:&quot;0&quot;,&quot;title&quot;:&quot;&quot;,&quot;orientation&quot;:&quot;0&quot;}\" data-image-title=\"2022-06-10_10-06-43\" data-image-description=\"\" data-image-caption=\"\" data-large-file=\"https:\/\/powertuning.com.br\/blog\/wp-content\/uploads\/2022\/06\/2022-06-10_10-06-43-1024x589.png\" \/><\/li>\n            <li style='display: none;' aria-roledescription='slide' aria-labelledby='slide-4'><img loading=\"lazy\" decoding=\"async\" width=\"1357\" height=\"760\" src=\"https:\/\/powertuning.com.br\/blog\/wp-content\/uploads\/2022\/06\/2022-06-10_11-02-18.png\" class=\"slider-1752 slide-1757 msDefaultImage\" alt=\"\" rel=\"\" title=\"2022-06-10_11-02-18\" srcset=\"https:\/\/powertuning.com.br\/blog\/wp-content\/uploads\/2022\/06\/2022-06-10_11-02-18.png 1357w, https:\/\/powertuning.com.br\/blog\/wp-content\/uploads\/2022\/06\/2022-06-10_11-02-18-300x168.png 300w, https:\/\/powertuning.com.br\/blog\/wp-content\/uploads\/2022\/06\/2022-06-10_11-02-18-1024x574.png 1024w, https:\/\/powertuning.com.br\/blog\/wp-content\/uploads\/2022\/06\/2022-06-10_11-02-18-768x430.png 768w, https:\/\/powertuning.com.br\/blog\/wp-content\/uploads\/2022\/06\/2022-06-10_11-02-18-20x11.png 20w\" sizes=\"auto, (max-width: 1357px) 100vw, 1357px\" data-attachment-id=\"1741\" data-permalink=\"https:\/\/powertuning.com.br\/blog\/2022-06-10_11-02-18\/\" data-orig-file=\"https:\/\/powertuning.com.br\/blog\/wp-content\/uploads\/2022\/06\/2022-06-10_11-02-18.png\" data-orig-size=\"1357,760\" data-comments-opened=\"0\" data-image-meta=\"{&quot;aperture&quot;:&quot;0&quot;,&quot;credit&quot;:&quot;&quot;,&quot;camera&quot;:&quot;&quot;,&quot;caption&quot;:&quot;&quot;,&quot;created_timestamp&quot;:&quot;0&quot;,&quot;copyright&quot;:&quot;&quot;,&quot;focal_length&quot;:&quot;0&quot;,&quot;iso&quot;:&quot;0&quot;,&quot;shutter_speed&quot;:&quot;0&quot;,&quot;title&quot;:&quot;&quot;,&quot;orientation&quot;:&quot;0&quot;}\" data-image-title=\"2022-06-10_11-02-18\" data-image-description=\"\" data-image-caption=\"\" data-large-file=\"https:\/\/powertuning.com.br\/blog\/wp-content\/uploads\/2022\/06\/2022-06-10_11-02-18-1024x574.png\" \/><\/li>\n        <\/ul>\n        \n    <\/div>\n<\/div>\r\n<p>Uma das principais e mais requisitadas \u00e1reas de atua\u00e7\u00e3o nos \u00faltimos anos, a \u00e1rea de an\u00e1lise, visualiza\u00e7\u00e3o e tratamentos de dados vem tendo cada vez mais destaque no mercado da maioria das empresas no mundo inteiro.<\/p>\r\n<p>Quem n\u00e3o tem BI est\u00e1 querendo implantar e com o r\u00e1pido e exponencial crescimento do Power BI como principal ferramenta de visualiza\u00e7\u00e3o e an\u00e1lise de dados do mercado, tornando esse processo acess\u00edvel aos usu\u00e1rios da \u00e1rea de neg\u00f3cio, ter um BI estruturado na empresa \u00e9 algo essencial para se manter competitivo no mercado, independente da sua \u00e1rea de atua\u00e7\u00e3o ou porte.<\/p>\r\n<p>Essa \u00e9 a realidade do mercado e das empresas atualmente.<\/p>\r\n<p>\r\n\r\n<\/p>\r\n<p>Diante dessa crescente demanda por profissionais capacitados e que realmente v\u00e3o conseguir entregar um excelente trabalho de implanta\u00e7\u00e3o de BI, a Power Tuning est\u00e1 \u00e0 disposi\u00e7\u00e3o para criar projetos de BI diferenciados, r\u00e1pidos, completos e robustos, suportando qualquer volume de dados, ambiente ou porte de empresa.<\/p>\r\n\r\n\r\n\r\n<h2 class=\"wp-block-heading\">\u00a0<\/h2>\r\n<h2>Como podemos ajudar sua empresa<\/h2>\r\n<ul>\r\n<li>\r\n<p><strong>Cria\u00e7\u00e3o de relat\u00f3rios e dashboards no Power BI:\u00a0<\/strong>Atuamos na implanta\u00e7\u00e3o e cria\u00e7\u00e3o de relat\u00f3rios em toda a su\u00edte do Power BI (Web, Embedded e Report Server), aplicando as melhores pr\u00e1ticas de desenvolvimento de relat\u00f3rios, identidade visual e f\u00f3rmulas DAX otimizadas.<br \/><br \/><i><\/i><\/p>\r\n<\/li>\r\n<li><strong>Cria\u00e7\u00e3o e manuten\u00e7\u00e3o de rotinas de ETL \/ ELT: <\/strong>Utilizando T-SQL, Integration Services (SSIS), Azure Data Factory (ADF), Azure Synapse ou Pentaho (PDI), podemos extrair dados de v\u00e1rias fontes de dados diferentes, centralizar tudo em uma \u00fanica base, normalizando e transformando esses dados.<br \/><br \/><\/li>\r\n<li><strong><strong>Cria\u00e7\u00e3o e manuten\u00e7\u00e3o de Data Lakehouse: <\/strong><\/strong>Visando unificar os benef\u00edcios do DataWarehouse com o Data Lake, surgiu o Data Lakehouse, que utiliza o melhor dos 2 mundos, em conjunto com ferramentas de processamento como Databricks e Azure Synapse Analytics.<br \/><br \/><\/li>\r\n<li>\r\n<p><strong>Implanta\u00e7\u00e3o do Power BI Embedded: <\/strong>Com este produto, \u00e9 poss\u00edvel exibir relat\u00f3rios do Power BI dentro um site ou aplica\u00e7\u00e3o Web, sem necessidade de Conta Pro para Visualiza\u00e7\u00e3o, mantendo toda a identidade visual da empresa e economizando em licenciamento (em alguns casos).<br \/><br \/><\/p>\r\n<\/li>\r\n<li><strong><strong>Portal de Relat\u00f3rios: <\/strong><\/strong>Muitas empresas desejam utilizar o Power BI Embedded, mas n\u00e3o t\u00eam programadores para cria\u00e7\u00e3o do portal integrado \u00e0s APIs do Power BI. Para atender essa demanda, a Power Tuning possui o seu pr\u00f3prio portal de Power BI Embedded pronto e j\u00e1 desenvolvido, customiz\u00e1vel com toda a identidade visual da empresa e apto para rapidamente j\u00e1 exibir os relat\u00f3rios criados usando o Power BI Desktop sem que os usu\u00e1rios precisem de licen\u00e7a do Power BI para visualizar.<br \/><br \/><\/li>\r\n<li><strong><strong>Suporte mensal com nossos especialistas: <\/strong><\/strong>Entendemos que muitas empresas j\u00e1 possuem times internos de BI. Pensando nesse cen\u00e1rio, a Power Tuning disponibiliza um contrato de suporte mensal com algumas horas por m\u00eas e sua empresa ter\u00e1 acesso aos nossos consultores mais experientes e capacitados para tirar d\u00favidas, ajudar em demandas complexas, revisar modelagens de dados, processos, relat\u00f3rios, c\u00e1lculos, arquiteturas, solu\u00e7\u00f5es e custos de licenciamento.<br \/><br \/><\/li>\r\n<li><strong>Otimiza\u00e7\u00e3o de Licenciamento: <\/strong>O nosso Core Business \u00e9 entregar solu\u00e7\u00f5es para nossos clientes e n\u00e3o gostamos de desperdi\u00e7ar recursos. Podemos analisar o seu ambiente e identificar poss\u00edveis mudan\u00e7as de arquitetura para entregar o mesmo resultado, pagando menos.\u00a0<br \/><strong><br \/><\/strong><\/li>\r\n<li><strong>Migra\u00e7\u00e3o de projetos de BI para Azure como servi\u00e7o:\u00a0<\/strong>Projetos de BI como servi\u00e7o (SaaS) ao inv\u00e9s de locais (ou VM) tem vantagens de redu\u00e7\u00e3o de custo de administra\u00e7\u00e3o da infraestrutura, seguran\u00e7a melhorada e facilidade de integra\u00e7\u00e3o com outros servi\u00e7os do Azure.<br \/><br \/><\/li>\r\n<li>\r\n<p><strong>Projetos de Big Data, IA e Machine Learning:<\/strong> Vendemos Inova\u00e7\u00e3o, Robustez e An\u00e1lises Automatizadas. Atuamos com arquitetura e implanta\u00e7\u00e3o de projetos de Big Data, Intelig\u00eancia Artificial (IA) e Machine Learning, tanto em ambientes locais (On-premises) quanto em Cloud (Azure).<br \/><br \/><\/p>\r\n<\/li>\r\n<li><strong><strong>Relat\u00f3rios e an\u00e1lises de dados em tempo real: <\/strong><\/strong>Utilizando os servi\u00e7os \u201cEvent Hub\u201d e \u201cStream Analytics\u201d, da su\u00edte de IoT do Azure e o Power BI para visualizar os dados, entregamos relat\u00f3rios e an\u00e1lises de dados em tempo real, sendo atualizados automaticamente em poucos segundos.<br \/><br \/><\/li>\r\n<li><strong><strong>Modelagem, planejamento e arquitetura de projetos de BI: <\/strong><\/strong>Projetos de BI sem uma boa modelagem tendem a entregar dados inconsistentes e ter a necessidade de tratar dados durante a cria\u00e7\u00e3o de cada relat\u00f3rio, ao inv\u00e9s de corrigir na origem e beneficiar todos os relat\u00f3rios de uma \u00fanica vez.<br \/><br \/><\/li>\r\n<li><strong>Tuning em DAX e processos de ETL demorados:\u00a0<\/strong>Se na sua empresa \u00e9 comum ter relat\u00f3rios que demorem muito tempo para processar, tem algo errado. Atuamos com Tuning de f\u00f3rmulas DAX e de SQL, para garantir que o seu relat\u00f3rio sempre seja visualizado no menor tempo poss\u00edvel.<br \/><br \/><\/li>\r\n<li>\r\n<p><strong>Automa\u00e7\u00e3o de processos utilizando servi\u00e7os do Azure e Power BI: <\/strong>Atuamos com automa\u00e7\u00e3o de extra\u00e7\u00e3o de dados de diversos sistemas, sites, bancos de dados e API\u2019s, tratamento desses dados e leitura dentro do Power BI. Tamb\u00e9m automatizamos fluxos e rotinas utilizando os servi\u00e7os do Azure, como Power Automate e LogicApps.<br \/><br \/><\/p>\r\n<\/li>\r\n<li>\r\n<p><strong>Cria\u00e7\u00e3o de cubos OLAP com o Analysis Services: <\/strong>Atuamos na cria\u00e7\u00e3o e manuten\u00e7\u00e3o de cubos OLAP, que permitem an\u00e1lises de grandes volumes de dados no Power BI sem qualquer dificuldade. Tenha o poder de realizar c\u00e1lculos simples em bases de 500 milh\u00f5es de linhas em 1 segundo.<br \/><br \/><\/p>\r\n<\/li>\r\n<li>\r\n<p><strong>Migra\u00e7\u00e3o de Analysis Services, SSRS e Power BI Report Server para Power BI Servi\u00e7o: <\/strong>O Power BI servi\u00e7o tem agregado cada vez mais recursos para o Power BI e esse tem sido o caminho natural para migrar servi\u00e7os locais para a nuvem.<br \/><br \/><\/p>\r\n<\/li>\r\n<li>\r\n<p><strong>Implanta\u00e7\u00e3o de versionamento de modelos e deploy automatizado utilizando DevOps:\u00a0<\/strong>Versionamento de modelos e relat\u00f3rios utilizando Git tem sido cada vez mais utilizado pelos times de dados para garantir maior controle, seguran\u00e7a e governan\u00e7a sobre as altera\u00e7\u00f5es realizadas nos dados. Al\u00e9m disso, o processo de deployment para o ambiente de produ\u00e7\u00e3o e demais ambientes deve ser automatizado para garantir seguran\u00e7a, controle e opera\u00e7\u00f5es livre de erros manuais.<br \/><br \/><\/p>\r\n<\/li>\r\n<li>\r\n<p><strong>Treinamentos personalizados: <\/strong>Precisa qualificar a sua equipe? Ministramos treinamentos personalizados para sua equipe, online ou presencial, com conte\u00fados sobre banco de dados (SQL Server e Oracle), T-SQL, Modelagem de dados, Integration Services, Analysis Services, Reporting Services, Azure Data Factory, Pentaho, Synapse e Power BI.<br \/><br \/><\/p>\r\n<\/li>\r\n<li>\r\n<p><strong>Design de Relat\u00f3rios: <\/strong>Algo muito frustrante \u00e9 quando um projeto de BI \u00e9 bem constru\u00eddo, dados \u00edntegros, todos os requisitos atendidos, mas o relat\u00f3rio n\u00e3o agrada visualmente o seu cliente. N\u00f3s transformamos o seu relat\u00f3rio simples em algo incr\u00edvel!<br \/><br \/><\/p>\r\n<\/li>\r\n<li>\r\n<p><strong>An\u00e1lise de erros e problemas: <\/strong>Precisa de ajuda em alguma demanda, chamado ou projeto na sua empresa? Trabalhamos com an\u00e1lise de erros e problemas em relat\u00f3rios, f\u00f3rmulas DAX e M, gateway, pacotes do SSIS, consultas SQL e em cubos OLAP do Analysis Services.<strong><br \/><br \/><\/strong><\/p>\r\n<\/li>\r\n<li>\r\n<p><strong>Venda de Licen\u00e7as Microsoft: <\/strong>Precisa contratar servi\u00e7os no Azure, Power BI, Office 365 ou licen\u00e7a do SQL Server? Somos\u00a0<span class=\"ui-provider ah aef ms alm aln alo alp alq alr als alt alu alv alw alx aly alz ama amb amc amd ame amf amg amh ami amj amk aml amm amn amo amp amq amr\" dir=\"ltr\"><strong>Microsoft Solution Partner<\/strong> (Dados e IA Azure)<\/span>\u00a0e podemos lhe ajudar, sem a necessidade de cart\u00e3o de cr\u00e9dito na contrata\u00e7\u00e3o e faturando direto para a sua empresa.<\/p>\r\n<\/li>\r\n<\/ul>\r\n<p>&nbsp;<\/p>\r\n<h2>O que nos diferencia das outras consultorias de BI?<\/h2>\r\n\r\n\r\n\r\n<ul class=\"wp-block-list\">\r\n<li>Nosso time \u00e9 composto por Microsoft MVP\u2019s na \u00e1rea de dados. Esse \u00e9 um pr\u00eamio dado pela Microsoft a profissionais especialistas e que se destacam no mercado por serem refer\u00eancias na \u00e1rea, influenciadores, l\u00edderes de comunidades t\u00e9cnicas e criadores de conte\u00fado.<br \/><br \/><\/li>\r\n<li>A empresa \u00e9 <span class=\"ui-provider ah aef ms alm aln alo alp alq alr als alt alu alv alw alx aly alz ama amb amc amd ame amf amg amh ami amj amk aml amm amn amo amp amq amr\" dir=\"ltr\"><strong>Microsoft Solution Partner<\/strong> (Dados e IA Azure)<\/span>: Selo Microsoft que garante que o nosso time \u00e9 altamente capacitado e possui la\u00e7os estreitos com a Microsoft para fazer treinamentos avan\u00e7ados e suporte t\u00e9cnico em eventuais problemas encontrados em algum produto.<br \/><br \/><\/li>\r\n<li>Somos especialistas em toda a plataforma do Power BI: Power BI Desktop, Power BI Service, Power BI Embedded, Power BI Premium e Power BI Report Server.<br \/><br \/><\/li>\r\n<li>N\u00e3o somos limitados somente ao Power BI. Fazemos BI ponta a ponta, desde a arquitetura, ETL, modelagem, cria\u00e7\u00e3o de DW e cubos OLAP at\u00e9 \u00e0 constru\u00e7\u00e3o dos relat\u00f3rios.<br \/><br \/><\/li>\r\n<li>Nosso time tamb\u00e9m \u00e9 refer\u00eancia nacional por sua especialidade em Performance Tuning de SQL: Esque\u00e7a cargas de BI demorando horas para processar e sobrecarregando o banco de dados.<br \/><br \/><\/li>\r\n<li>Equipe multidisciplinar: Time possui vasta experi\u00eancia em servi\u00e7os do Azure, banco de dados, engenharia e arquitetura de dados para sempre propor as melhores e mais inovadoras solu\u00e7\u00f5es para o seu projeto de dados.<br \/><br \/><\/li>\r\n<li>Time formado por especialistas de verdade: Aqui, J\u00fanior n\u00e3o tem vez. O cliente nos contrata para resolver problemas complexos e n\u00e3o para aprender e treinar durante o projeto.<br \/><br \/><\/li>\r\n<li>Trabalhamos remotamente para atender clientes de qualquer lugar do mundo. Quer atendimento presencial? Temos consultores localizados no Esp\u00edrito Santo, Minas Gerais, Cear\u00e1 e S\u00e3o Paulo. Independente de onde voc\u00ea estiver, temos um consultor perto de voc\u00ea (ou podemos envi\u00e1-lo at\u00e9 voc\u00ea).<br \/><br \/><\/li>\r\n<li>Nossa\u00a0<a href=\"https:\/\/cursos.powertuning.com.br\" target=\"_blank\" rel=\"noreferrer noopener\">plataforma de treinamentos<\/a>\u00a0\u00e9 bem conhecida por fornecer treinamentos exclusivos e da mais alta qualidade. E cliente nosso, tem desconto!<br \/><br \/><\/li>\r\n<li>Apaixonados por dados e por compartilhar conhecimento. Os blogs t\u00e9cnicos dos nossos consultores somam mais de 5 milh\u00f5es de visualiza\u00e7\u00f5es e tem ajudado a milh\u00f5es de profissionais e empresas com solu\u00e7\u00f5es originais e inovadoras.<\/li>\r\n<li>Comunica\u00e7\u00e3o instant\u00e2nea. Na Power Tuning, cliente n\u00e3o precisa abrir chamado e aguardar atendimento. Oferecemos diversos canais de comunica\u00e7\u00e3o r\u00e1pidos e pr\u00e1ticos, de acordo com a prefer\u00eancia do<br \/>cliente (Microsoft Teams, Skype, Whatsapp, Telegram, Slack, etc). Seja um problema ou d\u00favida, estaremos \u00e0 disposi\u00e7\u00e3o.<\/li>\r\n<\/ul>\r\n\r\n\r\n\r\n\r\n\r\n<h2 class=\"wp-block-heading\">\u00a0<\/h2>\r\n<h2>Deseja solicitar um or\u00e7amento?<\/h2>\r\n\r\n\r\n\r\n<p>Est\u00e1 precisando de ajuda para implantar um BI na sua empresa, dar continuidade em um projeto existente e que n\u00e3o conseguiram entregar, pensar e planejar a arquitetura do seu projeto de BI ou precisa de mais m\u00e3o de obra para acelerar as suas entregas?<\/p>\r\n\r\n\r\n\r\n<p>Preencha os seus dados abaixo que entraremos em contato para conversamos melhor sobre a sua necessidade e iniciarmos uma parceria de sucesso.<\/p>\r\n<p>&nbsp;<\/p>\r\n\r\n<script charset=\"utf-8\" type=\"text\/javascript\" src=\"\/\/js.hsforms.net\/forms\/embed\/v2.js\"><\/script>\r\n<script>\r\n  hbspt.forms.create({\r\n    portalId: \"48453815\",\r\n    formId: \"3b032805-9649-4170-a809-a7d30fb81cc9\"\r\n  });\r\n<\/script>","protected":false},"excerpt":{"rendered":"<p>Uma das principais e mais requisitadas \u00e1reas de atua\u00e7\u00e3o nos \u00faltimos anos, a \u00e1rea de an\u00e1lise, visualiza\u00e7\u00e3o e tratamentos de dados vem tendo cada vez mais destaque no mercado da maioria das empresas no mundo inteiro. Quem n\u00e3o tem BI est\u00e1 querendo implantar e com o r\u00e1pido e exponencial crescimento do Power BI como principal&hellip; <br \/> <a class=\"read-more\" href=\"https:\/\/powertuning.com.br\/blog\/consultoria-dados-power-bi-big-data-analytics-engenharia\/\">Leia mais<\/a><\/p>\n","protected":false},"author":1,"featured_media":0,"parent":0,"menu_order":0,"comment_status":"closed","ping_status":"closed","template":"","meta":{"content-type":"","_exactmetrics_skip_tracking":false,"_exactmetrics_sitenote_active":false,"_exactmetrics_sitenote_note":"","_exactmetrics_sitenote_category":0,"jetpack_post_was_ever_published":false,"footnotes":""},"class_list":["post-198","page","type-page","status-publish","hentry"],"jetpack_sharing_enabled":true,"_links":{"self":[{"href":"https:\/\/powertuning.com.br\/blog\/wp-json\/wp\/v2\/pages\/198","targetHints":{"allow":["GET"]}}],"collection":[{"href":"https:\/\/powertuning.com.br\/blog\/wp-json\/wp\/v2\/pages"}],"about":[{"href":"https:\/\/powertuning.com.br\/blog\/wp-json\/wp\/v2\/types\/page"}],"author":[{"embeddable":true,"href":"https:\/\/powertuning.com.br\/blog\/wp-json\/wp\/v2\/users\/1"}],"replies":[{"embeddable":true,"href":"https:\/\/powertuning.com.br\/blog\/wp-json\/wp\/v2\/comments?post=198"}],"version-history":[{"count":31,"href":"https:\/\/powertuning.com.br\/blog\/wp-json\/wp\/v2\/pages\/198\/revisions"}],"predecessor-version":[{"id":4283,"href":"https:\/\/powertuning.com.br\/blog\/wp-json\/wp\/v2\/pages\/198\/revisions\/4283"}],"wp:attachment":[{"href":"https:\/\/powertuning.com.br\/blog\/wp-json\/wp\/v2\/media?parent=198"}],"curies":[{"name":"wp","href":"https:\/\/api.w.org\/{rel}","templated":true}]}}