{"id":184,"date":"2020-01-05T11:15:29","date_gmt":"2020-01-05T14:15:29","guid":{"rendered":"https:\/\/powertuning.com.br\/?page_id=184"},"modified":"2025-11-12T15:05:30","modified_gmt":"2025-11-12T18:05:30","slug":"a-empresa","status":"publish","type":"page","link":"https:\/\/powertuning.com.br\/blog\/a-empresa\/","title":{"rendered":"A Empresa"},"content":{"rendered":"\r\n<p>A <strong>Power Tuning<\/strong> \u00e9 refer\u00eancia nacional em performance de dados e consultoria especializada nas principais plataformas do mercado. Nossa for\u00e7a est\u00e1 nas pessoas: l\u00edderes de time reconhecidos como refer\u00eancia em suas \u00e1reas, como:<br \/>\u2022 Rodrigo Ribeiro <strong>\u2022 Intelig\u00eancia Artificial<\/strong><br \/>\u2022 Ricardo Portilho \u2022 <strong>Oracle<\/strong><br \/>\u2022 Rafael Mendon\u00e7a \u2022 <strong>Refer\u00eancia em Power BI<\/strong> (Power Embedded),<br \/>\u2022 Dirceu Resende <strong>\u2022 BI,<\/strong><br \/>\u2022 Rafael dos Santos <strong>\u2022 Cloud,<\/strong><br \/>\u2022 Raiane Flores <strong>\u2022 SQL Server e<\/strong> <br \/>\u2022 Raul Olivera<strong> \u2022 PostgreSQL.<\/strong><br \/><br \/>Somos a \u00fanica consultoria brasileira com o apoio de Fabiano Amorim, <strong>maior especialista em Tuning SQL do pa\u00eds<\/strong>. Tamb\u00e9m somos<strong> Microsoft Solution Partner<\/strong> nas categorias Dados e IA no Azure.<\/p>\r\n<p data-start=\"1995\" data-end=\"2353\">Com mais de <strong data-start=\"2007\" data-end=\"2035\">1.300 clientes atendidos<\/strong>, adquirimos a experi\u00eancia necess\u00e1ria para ajudar empresas a crescer com dados. Nossa plataforma de treinamento j\u00e1 conta com mais de <strong data-start=\"2168\" data-end=\"2184\">8.800 alunos<\/strong>, e continuamos evoluindo com produtos pr\u00f3prios como o <strong data-start=\"2239\" data-end=\"2254\">Power Alert<\/strong> (monitoramento de SQL Server) e o <strong data-start=\"2289\" data-end=\"2307\">Power Embedded<\/strong>, que reduz em at\u00e9 90% os custos com Power BI.<\/p>\r\n<h2 data-start=\"2358\" data-end=\"2388\">Um pouco da nossa hist\u00f3ria<\/h2>\r\n<p data-start=\"2394\" data-end=\"2628\">Tudo come\u00e7ou em <strong>2010<\/strong>, com o blog do nosso CEO, <strong data-start=\"2441\" data-end=\"2458\">Fabr\u00edcio Lima<\/strong>, sobre SQL Server. Em 2013, uma simples mensagem virou o primeiro projeto e, pouco depois, em julho de 2014, nasceu oficialmente a empresa: Fabr\u00edcio Lima Solu\u00e7\u00f5es em BD.<\/p>\r\n<p data-start=\"2633\" data-end=\"2920\">De um consultor sozinho, hoje somos mais de 100. Em 2016, com 91 clientes atendidos, Fabr\u00edcio trouxe seu irm\u00e3o Luiz Vitor. Em 2018, Dirceu Resende entrou e estruturou um time completo de BI. Em 2019, nos tornamos <strong data-start=\"2845\" data-end=\"2871\">Microsoft Gold Partner<\/strong>, alcan\u00e7ando 266 clientes e 60 contratos mensais.<\/p>\r\n<p data-start=\"2925\" data-end=\"3090\">Em 2020, nos tornamos oficialmente <strong data-start=\"2960\" data-end=\"2999\">Power Tuning \u2022 Performance em Dados<\/strong>, com um crescimento s\u00f3lido: 339 clientes, 29 colaboradores e uma nova identidade de marca.<\/p>\r\n<p data-start=\"3095\" data-end=\"3368\">A cada ano, mais inova\u00e7\u00e3o e gente boa no time. Chegamos a 454 clientes em 2021. Criamos benef\u00edcios \u00fanicos, como o nosso modelo de f\u00e9rias \u201cpadr\u00e3o Europa\u201d, com 24 dias \u00fateis por ano. Em 2022, nasceu o <strong data-start=\"3295\" data-end=\"3310\">Power Alert<\/strong>, com dezenas de alertas e mais de 80 mil linhas de T-SQL.<\/p>\r\n<p data-start=\"3373\" data-end=\"3583\">O ano de 2023 marcou a estreia do <strong data-start=\"3407\" data-end=\"3425\">Power Embedded<\/strong>, democratizando o acesso ao Power BI. Novas \u00e1reas como Cloud, Oracle e PostgreSQL foram lan\u00e7adas. E em 2024, ultrapassamos a marca de 700 clientes atendidos.<br \/><br \/>Em 2024 celebramos 10 anos com uma festa hist\u00f3rica no Hotel Senac, reunindo nossos mais de 70 consultores na \u00e9poca.<\/p>\r\n<p data-start=\"3588\" data-end=\"3809\">Hoje, em 2025, j\u00e1 s\u00e3o <strong data-start=\"3610\" data-end=\"3646\">mais de 1.300 empresas atendidas<\/strong>, mais de <strong data-start=\"3656\" data-end=\"3688\">2 milh\u00f5es de alertas enviados<\/strong> com o Power Alert, <strong data-start=\"3710\" data-end=\"3768\">mais de 520 empresas economizando com o Power Embedded<\/strong>, totalizando <strong data-start=\"3782\" data-end=\"3801\">65.470 usu\u00e1rios ativos <\/strong>e mais de 100 consultores.<\/p>\r\n<p data-start=\"3814\" data-end=\"4037\">Seguimos firmes, construindo hist\u00f3rias que queremos dividir com voc\u00ea, seja como cliente, parceiro ou parte do nosso time.<\/p>\r\n<p data-start=\"4042\" data-end=\"4183\">Conhe\u00e7a mais: <a class=\"\" href=\"https:\/\/cursos.powertuning.com.br\" target=\"_new\" rel=\"noopener\" data-start=\"4059\" data-end=\"4129\">https:\/\/cursos.powertuning.com.br<\/a><br data-start=\"4129\" data-end=\"4132\" \/>Fale com a gente: <a class=\"cursor-pointer\" rel=\"noopener\" data-start=\"4155\" data-end=\"4183\">comercial@powertuning.com.br<\/a><\/p>\r\n","protected":false},"excerpt":{"rendered":"<p>A Power Tuning \u00e9 refer\u00eancia nacional em performance de dados e consultoria especializada nas principais plataformas do mercado. Nossa for\u00e7a est\u00e1 nas pessoas: l\u00edderes de time reconhecidos como refer\u00eancia em suas \u00e1reas, como:\u2022 Rodrigo Ribeiro \u2022 Intelig\u00eancia Artificial\u2022 Ricardo Portilho \u2022 Oracle\u2022 Rafael Mendon\u00e7a \u2022 Refer\u00eancia em Power BI (Power Embedded),\u2022 Dirceu Resende \u2022 BI,\u2022&hellip; <br \/> <a class=\"read-more\" href=\"https:\/\/powertuning.com.br\/blog\/a-empresa\/\">Leia mais<\/a><\/p>\n","protected":false},"author":1,"featured_media":0,"parent":0,"menu_order":0,"comment_status":"closed","ping_status":"closed","template":"","meta":{"content-type":"","_exactmetrics_skip_tracking":false,"_exactmetrics_sitenote_active":false,"_exactmetrics_sitenote_note":"","_exactmetrics_sitenote_category":0,"jetpack_post_was_ever_published":false,"footnotes":""},"class_list":["post-184","page","type-page","status-publish","hentry"],"jetpack_sharing_enabled":true,"_links":{"self":[{"href":"https:\/\/powertuning.com.br\/blog\/wp-json\/wp\/v2\/pages\/184","targetHints":{"allow":["GET"]}}],"collection":[{"href":"https:\/\/powertuning.com.br\/blog\/wp-json\/wp\/v2\/pages"}],"about":[{"href":"https:\/\/powertuning.com.br\/blog\/wp-json\/wp\/v2\/types\/page"}],"author":[{"embeddable":true,"href":"https:\/\/powertuning.com.br\/blog\/wp-json\/wp\/v2\/users\/1"}],"replies":[{"embeddable":true,"href":"https:\/\/powertuning.com.br\/blog\/wp-json\/wp\/v2\/comments?post=184"}],"version-history":[{"count":29,"href":"https:\/\/powertuning.com.br\/blog\/wp-json\/wp\/v2\/pages\/184\/revisions"}],"predecessor-version":[{"id":5053,"href":"https:\/\/powertuning.com.br\/blog\/wp-json\/wp\/v2\/pages\/184\/revisions\/5053"}],"wp:attachment":[{"href":"https:\/\/powertuning.com.br\/blog\/wp-json\/wp\/v2\/media?parent=184"}],"curies":[{"name":"wp","href":"https:\/\/api.w.org\/{rel}","templated":true}]}}